	{"id":1660,"date":"2018-03-02T04:35:17","date_gmt":"2018-03-02T04:35:17","guid":{"rendered":"http:\/\/mataelevator.com\/\/?page_id=1660"},"modified":"2024-09-24T16:34:02","modified_gmt":"2024-09-24T13:34:02","slug":"home-07","status":"publish","type":"page","link":"https:\/\/mataelevator.com\/","title":{"rendered":"Ana Sayfa"},"content":{"rendered":"<section class=\"wpb-content-wrapper\"><p>[vc_row full_width=&#8221;stretch_row_content_no_spaces&#8221;][vc_column]\n\t\t\t<div class=\"scrollslider\">\n\t\t\t<div class=\"swiper-container\" data-swiper=\"{&quot;pagination&quot;:&quot;.swiper-pagination&quot;,&quot;direction&quot;:&quot;vertical&quot;,&quot;slidesPerView&quot;:1,&quot;paginationClickable&quot;:true,&quot;spaceBetween&quot;:0,&quot;mousewheelControl&quot;:true,&quot;mousewheelReleaseOnEdges&quot;:true}\">\n\t\t\t\t<div class=\"swiper-wrapper\">\n\t\t\t\t\t\n<div class=\"swiper-slide\" style=\"background-image: url( https:\/\/mataelevator.com\/wp-content\/uploads\/2024\/09\/Slayt-1-2-scaled.jpg )\">\n\t<div class=\"wrap\">\n\t\t<div class=\"slide-container\">\n\t\t\t\t\t\t\t<h2 class=\"slide-title\">\n\t\t\t\t\tBizimle g\u00fcven i\u00e7erisinde k\u0131sa bir yolculuk.\t\t\t\t<\/h2>\n\t\t\t\n\t\t\t\t\t\t\t<div class=\"slide-content\">\n\t\t\t\t\tMata \u00dcr\u00fcnleriyle kullan\u0131c\u0131 dostu konfor, standartlara uygun kalite. <a href=\"#\">Hizmetlerimiz \u2192<\/a>\t\t\t\t<\/div>\n\t\t\t\n\t\t\t\t\t<\/div>\n\t<\/div>\n<\/div>\n\n<div class=\"swiper-slide\" style=\"background-image: url( https:\/\/mataelevator.com\/wp-content\/uploads\/2024\/09\/Slayt-2-scaled.jpg )\">\n\t<div class=\"wrap\">\n\t\t<div class=\"slide-container\">\n\t\t\t\t\t\t\t<h2 class=\"slide-title\">\n\t\t\t\t\tY\u00fcr\u00fcyen Merdiven'de EN 115 Normuna Uygunluk.\t\t\t\t<\/h2>\n\t\t\t\n\t\t\t\t\t\t\t<div class=\"slide-content\">\n\t\t\t\t\tY\u00fcr\u00fcyen merdivenlerde, standart tasar\u0131mlar kullan\u0131lmakta olup, yap\u0131n\u0131n durumuna ve m\u00fc\u015fteri ihtiyac\u0131na g\u00f6re \u00f6zel tasar\u0131mlar yap\u0131labilmektedir.<a href=\"#\">\u00dcr\u00fcn \u0130ncele \u2192<\/a>\t\t\t\t<\/div>\n\t\t\t\n\t\t\t\t\t<\/div>\n\t<\/div>\n<\/div>\n\t\t\t\t<\/div>\n\t\t\t\t<div class=\"swiper-pagination\"><\/div>\n\t\t\t<\/div>\n\t\t<\/div>\n\t[\/vc_column][\/vc_row][vc_section full_width=&#8221;stretch_row&#8221; css=&#8221;.vc_custom_1519992386013{padding-top: 60px !important;padding-bottom: 60px !important;background: #ffffff url(https:\/\/mataelevator.com\/wp-content\/uploads\/\/2017\/12\/bg-tb.png?id=1065) !important;background-position: center !important;background-repeat: no-repeat !important;background-size: cover !important;}&#8221;][vc_row][vc_column width=&#8221;1\/2&#8243;][vc_custom_heading text=&#8221;MATA ELEVATOR&amp;ESCALATOR&#8221; font_container=&#8221;tag:h3|text_align:left&#8221; use_theme_fonts=&#8221;yes&#8221;][vc_empty_space height=&#8221;20px&#8221;][\/vc_column][vc_column width=&#8221;1\/2&#8243;][vc_column_text]<\/p>\n<p class=\"large-text\">Sekt\u00f6rdeki uzun y\u0131llara dayanan deneyimimiz ve m\u00fckemmeliyet odakl\u0131 yakla\u015f\u0131m\u0131m\u0131zla, asans\u00f6r imalat\u0131, montaj\u0131 ve hizmetlerinde \u00f6nc\u00fc bir firma olmaktan mutluluk duyuyoruz. M\u00fc\u015fterilerimize y\u00fcksek kalite standartlar\u0131nda \u00f6zelle\u015ftirilmi\u015f \u00e7\u00f6z\u00fcmler sunmak i\u00e7in \u00e7al\u0131\u015f\u0131yor, projelerinde ba\u015far\u0131yla yer al\u0131yoruz.<\/p>\n<p>[\/vc_column_text][vc_empty_space height=&#8221;40px&#8221;][\/vc_column][\/vc_row][vc_row][vc_column]<!-- BEGIN: .elements-carousel -->\n<div class=\"elements-carousel  \" data-config=\"{&quot;items&quot;:4,&quot;itemsTablet&quot;:[768,2],&quot;itemsMobile&quot;:[479,1],&quot;autoPlay&quot;:false,&quot;stopOnHover&quot;:true,&quot;mouseDrag&quot;:true,&quot;touchDrag&quot;:true,&quot;responsive&quot;:true,&quot;scrollPerPage&quot;:true,&quot;slideSpeed&quot;:200,&quot;paginationSpeed&quot;:200,&quot;rewindSpeed&quot;:200,&quot;navigation&quot;:false,&quot;rewindNav&quot;:false,&quot;pagination&quot;:true,&quot;paginationNumbers&quot;:false,&quot;dragBeforeAnimFinish&quot;:true,&quot;addClassActive&quot;:true,&quot;autoHeight&quot;:true,&quot;navigationText&quot;:[&quot;Previous&quot;,&quot;Next&quot;],&quot;itemsScaleUp&quot;:true}\">\n\t<div class=\"elements-carousel-wrap\">\n\t\t[vc_single_image image=&#8221;2179&#8243; img_size=&#8221;800&#215;500&#8243; add_caption=&#8221;yes&#8221; style=&#8221;vc_box_shadow&#8221; onclick=&#8221;custom_link&#8221; link=&#8221;https:\/\/mataelevator.com\/index.php\/asansor-bakim\/&#8221;][vc_single_image image=&#8221;2181&#8243; img_size=&#8221;800&#215;500&#8243; add_caption=&#8221;yes&#8221; style=&#8221;vc_box_shadow&#8221; onclick=&#8221;custom_link&#8221; link=&#8221;https:\/\/mataelevator.com\/index.php\/asansor-revizyon\/&#8221;][vc_single_image image=&#8221;2182&#8243; img_size=&#8221;800&#215;500&#8243; add_caption=&#8221;yes&#8221; style=&#8221;vc_box_shadow&#8221; onclick=&#8221;custom_link&#8221; link=&#8221;https:\/\/mataelevator.com\/index.php\/asansor-montaj\/&#8221;][vc_single_image image=&#8221;2183&#8243; img_size=&#8221;800&#215;500&#8243; add_caption=&#8221;yes&#8221; style=&#8221;vc_box_shadow&#8221; onclick=&#8221;custom_link&#8221; link=&#8221;https:\/\/mataelevator.com\/index.php\/yuruyen-merdiven\/&#8221;]\t<\/div>\n<\/div>\n<!-- END: .elements-carousel -->\n[\/vc_column][\/vc_row][\/vc_section][vc_row full_width=&#8221;stretch_row&#8221; css=&#8221;.vc_custom_1520173780679{padding-top: 60px !important;padding-bottom: 20px !important;background-position: 0 0 !important;background-repeat: no-repeat !important;}&#8221;][vc_column][vc_row_inner][vc_column_inner width=&#8221;1\/2&#8243;][vc_column_text]<\/p>\n<h3><span style=\"color: #ff0000;\">Y\u00fcr\u00fcyen Merdiven &amp; Bant Sistemleri<\/span><\/h3>\n<p style=\"text-align: justify;\">Y\u00fcr\u00fcyen merdivenler, elektrik ile \u00e7al\u0131\u015fan, merdiven basamaklar\u0131 devaml\u0131 olarak d\u00f6nen, insanlar\u0131n merdiven \u00e7\u0131kmadan bir \u00fcst kata \u00e7\u0131kmas\u0131n\u0131 ya da bir alt kata inmesini sa\u011flayan bir sistemdir. Y\u00fcr\u00fcyen merdivenler, asans\u00f6rlere\u00a0g\u00f6re daha fazla insan ta\u015f\u0131yabilirler. En \u00e7ok al\u0131\u015fveri\u015f merkezleri, oteller, i\u015f merkezleri, havaalanlar\u0131, metro ve tren istasyonlar\u0131nda yo\u011fun olarak kullan\u0131l\u0131r.<\/p>\n<p style=\"text-align: justify;\">Sat\u0131\u015f\u0131n\u0131 yapm\u0131\u015f oldu\u011fumuz y\u00fcr\u00fcyen merdivenlerde, standart tasar\u0131mlar kullan\u0131lmakta olup, yap\u0131n\u0131n durumuna ve m\u00fc\u015fteri ihtiyac\u0131na g\u00f6re \u00f6zel tasar\u0131mlar yap\u0131labilmektedir.<\/p>\n<p style=\"text-align: justify;\">\u00dcretilen y\u00fcr\u00fcyen merdivenlerin \u00e7elik konstr\u00fcksiyonlar\u0131nda, kaynak \u00e7ekmelerini ve \u00f6l\u00e7\u00fc hatalar\u0131n\u0131 en aza indiren \u00f6zel tasar\u0131m kal\u0131p sayesinde, proses kontrollerinde hata y\u00fczdesi s\u0131f\u0131ra yak\u0131n olup bir \u00e7ok ziyaret\u00e7iyi \u015fa\u015f\u0131rtmaktad\u0131r.<\/p>\n<p>[\/vc_column_text][vc_empty_space height=&#8221;20px&#8221;][\/vc_column_inner][vc_column_inner width=&#8221;1\/2&#8243;][vc_column_text]<\/p>\n<div class=\"wp-playlist wp-video-playlist wp-playlist-light\">\n\t\t<video controls=\"controls\" preload=\"none\" width=\"878\"\n\t\t height=\"494\"\t><\/video>\n\t<div class=\"wp-playlist-next\"><\/div>\n\t<div class=\"wp-playlist-prev\"><\/div>\n\t<noscript>\n\t<ol>\n\t\t<li><a href='https:\/\/mataelevator.com\/wp-content\/uploads\/2024\/09\/yuruyen-merdiven-3611.mp4'>Y\u00fcr\u00fcyen Merdiven<\/a><\/li><li><a href='https:\/\/mataelevator.com\/wp-content\/uploads\/2024\/09\/yuruyen-merdiven-3593.mp4'>Y\u00fcr\u00fcyen Yol&Bant<\/a><\/li>\t<\/ol>\n\t<\/noscript>\n\t<script type=\"application\/json\" class=\"wp-playlist-script\">{\"type\":\"video\",\"tracklist\":true,\"tracknumbers\":true,\"images\":true,\"artists\":true,\"tracks\":[{\"src\":\"https:\/\/mataelevator.com\/wp-content\/uploads\/2024\/09\/yuruyen-merdiven-3611.mp4\",\"type\":\"video\/mp4\",\"title\":\"Y\\u00fcr\\u00fcyen Merdiven\",\"caption\":\"\",\"description\":\"\",\"meta\":{\"length_formatted\":\"0:10\"},\"dimensions\":{\"original\":{\"width\":1280,\"height\":720},\"resized\":{\"width\":878,\"height\":494}},\"image\":{\"src\":\"https:\/\/mataelevator.com\/wp-includes\/images\/media\/video.svg\",\"width\":48,\"height\":64},\"thumb\":{\"src\":\"https:\/\/mataelevator.com\/wp-includes\/images\/media\/video.svg\",\"width\":48,\"height\":64}},{\"src\":\"https:\/\/mataelevator.com\/wp-content\/uploads\/2024\/09\/yuruyen-merdiven-3593.mp4\",\"type\":\"video\/mp4\",\"title\":\"Y\\u00fcr\\u00fcyen Yol&Bant\",\"caption\":\"\",\"description\":\"\",\"meta\":{\"length_formatted\":\"0:20\"},\"dimensions\":{\"original\":{\"width\":1280,\"height\":720},\"resized\":{\"width\":878,\"height\":494}},\"image\":{\"src\":\"https:\/\/mataelevator.com\/wp-includes\/images\/media\/video.svg\",\"width\":48,\"height\":64},\"thumb\":{\"src\":\"https:\/\/mataelevator.com\/wp-includes\/images\/media\/video.svg\",\"width\":48,\"height\":64}}]}<\/script>\n<\/div>\n\t\n<p>[\/vc_column_text][vc_empty_space height=&#8221;40px&#8221;][\/vc_column_inner][\/vc_row_inner][vc_empty_space height=&#8221;50px&#8221;][\/vc_column][\/vc_row][vc_row css=&#8221;.vc_custom_1520219126801{background-image: url(https:\/\/mataelevator.com\/wp-content\/uploads\/\/2017\/12\/bg-tb.png?id=1065) !important;background-position: center !important;background-repeat: no-repeat !important;background-size: cover !important;}&#8221;][vc_column][vc_separator color=&#8221;custom&#8221; accent_color=&#8221;rgba(2,6,32,0.1)&#8221;][vc_empty_space height=&#8221;60px&#8221;][vc_row_inner content_placement=&#8221;middle&#8221;][vc_column_inner width=&#8221;1\/4&#8243;][vc_custom_heading text=&#8221;H\u0131zl\u0131 \u0130leti\u015fim Formu&#8221; font_container=&#8221;tag:h3|font_size:20px|text_align:right|line_height:24px&#8221; use_theme_fonts=&#8221;yes&#8221; el_class=&#8221;text-right&#8221;][vc_empty_space height=&#8221;20px&#8221;][\/vc_column_inner][vc_column_inner width=&#8221;3\/4&#8243;]\n<div class=\"wpcf7 no-js\" id=\"wpcf7-f1679-o1\" lang=\"en-US\" dir=\"ltr\" data-wpcf7-id=\"1679\">\n<div class=\"screen-reader-response\"><p role=\"status\" aria-live=\"polite\" aria-atomic=\"true\"><\/p> <ul><\/ul><\/div>\n<form action=\"\/index.php\/wp-json\/wp\/v2\/pages\/1660#wpcf7-f1679-o1\" method=\"post\" class=\"wpcf7-form init\" aria-label=\"Contact form\" novalidate=\"novalidate\" data-status=\"init\">\n<fieldset class=\"hidden-fields-container\"><input type=\"hidden\" name=\"_wpcf7\" value=\"1679\" \/><input type=\"hidden\" name=\"_wpcf7_version\" value=\"6.1.3\" \/><input type=\"hidden\" name=\"_wpcf7_locale\" value=\"en_US\" \/><input type=\"hidden\" name=\"_wpcf7_unit_tag\" value=\"wpcf7-f1679-o1\" \/><input type=\"hidden\" name=\"_wpcf7_container_post\" value=\"0\" \/><input type=\"hidden\" name=\"_wpcf7_posted_data_hash\" value=\"\" \/>\n<\/fieldset>\n<div class=\"form-request\">\n\t<div class=\"row\">\n\t\t<div class=\"columns columns-4\">\n\t\t\t<p><span class=\"wpcf7-form-control-wrap\" data-name=\"text-289\"><input size=\"40\" maxlength=\"400\" class=\"wpcf7-form-control wpcf7-text\" aria-invalid=\"false\" placeholder=\"\u0130sim Soyisim\" value=\"\" type=\"text\" name=\"text-289\" \/><\/span>\n\t\t\t<\/p>\n\t\t<\/div>\n\t\t<div class=\"columns columns-4\">\n\t\t\t<p><span class=\"wpcf7-form-control-wrap\" data-name=\"tel-787\"><input size=\"40\" maxlength=\"400\" class=\"wpcf7-form-control wpcf7-tel wpcf7-validates-as-required wpcf7-text wpcf7-validates-as-tel\" aria-required=\"true\" aria-invalid=\"false\" placeholder=\"Sizin Gsm No\" value=\"\" type=\"tel\" name=\"tel-787\" \/><\/span>\n\t\t\t<\/p>\n\t\t<\/div>\n\t\t<div class=\"columns columns-4\">\n\t\t\t<p><input class=\"wpcf7-form-control wpcf7-submit has-spinner square button red\" type=\"submit\" value=\"Mesaj\u0131 G\u00f6nder\" \/>\n\t\t\t<\/p>\n\t\t<\/div>\n\t<\/div>\n<\/div><div class=\"wpcf7-response-output\" aria-hidden=\"true\"><\/div>\n<\/form>\n<\/div>\n[vc_empty_space height=&#8221;20px&#8221;][\/vc_column_inner][\/vc_row_inner][vc_empty_space height=&#8221;30px&#8221;][\/vc_column][\/vc_row][vc_row][vc_column]\t<!-- BEGIN: .posts-carousel -->\n\t<div class=\"posts-carousel   vc_custom_1520172986576\">\n\t\t\n\t\t\t\t\t<h3 class=\"widget-title\">\n\t\t\t\tThe Insight You Need to Stay on Top.\t\t\t<\/h3>\n\t\t\n\t\t\t<div class=\"blog-entries\">\n\n\t\t\t<!-- BEGIN: .elements-carousel -->\n<div class=\"elements-carousel  \" data-config=\"{&quot;items&quot;:4,&quot;itemsTablet&quot;:[768,2],&quot;itemsMobile&quot;:[479,1],&quot;autoPlay&quot;:false,&quot;stopOnHover&quot;:true,&quot;mouseDrag&quot;:true,&quot;touchDrag&quot;:true,&quot;responsive&quot;:true,&quot;scrollPerPage&quot;:true,&quot;slideSpeed&quot;:200,&quot;paginationSpeed&quot;:200,&quot;rewindSpeed&quot;:200,&quot;navigation&quot;:true,&quot;rewindNav&quot;:false,&quot;pagination&quot;:true,&quot;paginationNumbers&quot;:false,&quot;dragBeforeAnimFinish&quot;:true,&quot;addClassActive&quot;:true,&quot;autoHeight&quot;:true,&quot;navigationText&quot;:[&quot;Previous&quot;,&quot;Next&quot;],&quot;itemsScaleUp&quot;:true}\">\n\t<div class=\"elements-carousel-wrap\">\n\t\t\n\t\t\t\n\t\t\t\t\t\t\t\t\t\n\t\t\t\t\t<article class=\"post-2285 post type-post status-publish format-standard hentry category-anonymous tag--10---\">\n\t\t\t\t\t\t<div class=\"post-inner\">\n\t\t\t\t\t\t\t<div class=\"post-header\">\n\t\t\t\t\t\t\t\t<div class=\"post-categories\"><a href=\"https:\/\/mataelevator.com\/index.php\/category\/anonymous\/\" rel=\"category tag\">anonymous<\/a><\/div>\n\t\t\t\t\t\t\t\t<h2 class=\"post-title\">\n\t\t\t\t\t\t\t\t\t<a href=\"https:\/\/mataelevator.com\/index.php\/2025\/02\/26\/%d0%b2-%d1%85%d0%b5%d0%b4%d0%b5%d1%80%d0%b5-%d1%81%d0%b0%d0%b9%d1%82%d0%b0-%d0%b5%d1%81%d1%82%d1%8c-%d1%80%d0%b0%d0%b7%d0%b4%d0%b5%d0%bb-%d0%bf%d1%80%d0%b8%d0%bb%d0%be%d0%b6%d0%b5%d0%bd%d0%b8\/\">\u0412 \u0445\u0435\u0434\u0435\u0440\u0435 \u0441\u0430\u0439\u0442\u0430 \u0435\u0441\u0442\u044c \u0440\u0430\u0437\u0434\u0435\u043b \u00ab\u041f\u0440\u0438\u043b\u043e\u0436\u0435\u043d\u0438\u0435\u00bb<\/a>\n\t\t\t\t\t\t\t\t<\/h2>\n\t\t\t\t\t\t\t<\/div>\n\n\t\t\t\t\t\t\t\n\t\t\t\t\t\t\t\t\t\t\t\t\t\t\t<div class=\"post-date\">\n\t\t\t\t\t\t\t\t\t<span>26 \u015eubat 2025<\/span>\n\t\t\t\t\t\t\t\t<\/div>\n\t\t\t\t\t\t\t\t\t\t\t\t\t<\/div>\n\t\t\t\t\t<\/article>\n\n\t\t\t\t\t\t\t\t\t\n\t\t\t\t\t<article class=\"post-2273 post type-post status-publish format-standard hentry category-other tag-117\">\n\t\t\t\t\t\t<div class=\"post-inner\">\n\t\t\t\t\t\t\t<div class=\"post-header\">\n\t\t\t\t\t\t\t\t<div class=\"post-categories\"><a href=\"https:\/\/mataelevator.com\/index.php\/category\/other\/\" rel=\"category tag\">other<\/a><\/div>\n\t\t\t\t\t\t\t\t<h2 class=\"post-title\">\n\t\t\t\t\t\t\t\t\t<a href=\"https:\/\/mataelevator.com\/index.php\/2025\/02\/26\/%d1%80%d0%b5%d0%b9%d1%82%d0%b8%d0%bd%d0%b3-%d0%ba%d0%b0%d0%b7%d0%b8%d0%bd%d0%be-%d0%bd%d0%b0-%d0%b4%d0%b5%d0%bd%d1%8c%d0%b3%d0%b8-2025-%d1%82%d0%be%d0%bf-10-%d0%bb%d1%83%d1%87%d1%88%d0%b8%d1%85\/\">\u0420\u0435\u0439\u0442\u0438\u043d\u0433 \u043a\u0430\u0437\u0438\u043d\u043e \u043d\u0430 \u0434\u0435\u043d\u044c\u0433\u0438 2025: \u0422\u041e\u041f 10 \u043b\u0443\u0447\u0448\u0438\u0445 \u043e\u043d\u043b\u0430\u0439\u043d \u043a\u0430\u0437\u0438\u043d\u043e \u043d\u0430 \u0440\u0443\u0431\u043b\u0438<\/a>\n\t\t\t\t\t\t\t\t<\/h2>\n\t\t\t\t\t\t\t<\/div>\n\n\t\t\t\t\t\t\t\n\t\t\t\t\t\t\t\t\t\t\t\t\t\t\t<div class=\"post-date\">\n\t\t\t\t\t\t\t\t\t<span>26 \u015eubat 2025<\/span>\n\t\t\t\t\t\t\t\t<\/div>\n\t\t\t\t\t\t\t\t\t\t\t\t\t<\/div>\n\t\t\t\t\t<\/article>\n\n\t\t\t\t\t\t\t\t\t\n\t\t\t\t\t<article class=\"post-2271 post type-post status-publish format-standard hentry category-general tag-116\">\n\t\t\t\t\t\t<div class=\"post-inner\">\n\t\t\t\t\t\t\t<div class=\"post-header\">\n\t\t\t\t\t\t\t\t<div class=\"post-categories\"><a href=\"https:\/\/mataelevator.com\/index.php\/category\/general\/\" rel=\"category tag\">general<\/a><\/div>\n\t\t\t\t\t\t\t\t<h2 class=\"post-title\">\n\t\t\t\t\t\t\t\t\t<a href=\"https:\/\/mataelevator.com\/index.php\/2025\/02\/26\/%d0%bb%d1%83%d1%87%d1%88%d0%b8%d0%b5-%d0%ba%d0%b0%d0%b7%d0%b8%d0%bd%d0%be-%d0%bd%d0%b0-%d0%b4%d0%b5%d0%bd%d1%8c%d0%b3%d0%b8-%d1%81-%d1%87%d0%b5%d1%81%d1%82%d0%bd%d1%8b%d0%bc%d0%b8-%d0%b2%d1%8b%d0%bf\/\">\u041b\u0443\u0447\u0448\u0438\u0435 \u043a\u0430\u0437\u0438\u043d\u043e \u043d\u0430 \u0434\u0435\u043d\u044c\u0433\u0438 \u0441 \u0447\u0435\u0441\u0442\u043d\u044b\u043c\u0438 \u0432\u044b\u043f\u043b\u0430\u0442\u0430\u043c\u0438 \u0432 2025 \u0433\u043e\u0434\u0443<\/a>\n\t\t\t\t\t\t\t\t<\/h2>\n\t\t\t\t\t\t\t<\/div>\n\n\t\t\t\t\t\t\t\n\t\t\t\t\t\t\t\t\t\t\t\t\t\t\t<div class=\"post-date\">\n\t\t\t\t\t\t\t\t\t<span>26 \u015eubat 2025<\/span>\n\t\t\t\t\t\t\t\t<\/div>\n\t\t\t\t\t\t\t\t\t\t\t\t\t<\/div>\n\t\t\t\t\t<\/article>\n\n\t\t\t\t\t\t\t\t\t\n\t\t\t\t\t<article class=\"post-2281 post type-post status-publish format-standard hentry category-ai-news\">\n\t\t\t\t\t\t<div class=\"post-inner\">\n\t\t\t\t\t\t\t<div class=\"post-header\">\n\t\t\t\t\t\t\t\t<div class=\"post-categories\"><a href=\"https:\/\/mataelevator.com\/index.php\/category\/ai-news\/\" rel=\"category tag\">AI News<\/a><\/div>\n\t\t\t\t\t\t\t\t<h2 class=\"post-title\">\n\t\t\t\t\t\t\t\t\t<a href=\"https:\/\/mataelevator.com\/index.php\/2025\/02\/26\/natural-language-processing-nlp-the-complete-guide\/\">Natural Language Processing NLP: The Complete Guide<\/a>\n\t\t\t\t\t\t\t\t<\/h2>\n\t\t\t\t\t\t\t<\/div>\n\n\t\t\t\t\t\t\t\n\t\t\t\t\t\t\t\t\t\t\t\t\t\t\t<div class=\"post-date\">\n\t\t\t\t\t\t\t\t\t<span>26 \u015eubat 2025<\/span>\n\t\t\t\t\t\t\t\t<\/div>\n\t\t\t\t\t\t\t\t\t\t\t\t\t<\/div>\n\t\t\t\t\t<\/article>\n\n\t\t\t\t\t\t\t\t<\/div>\n<\/div>\n<!-- END: .elements-carousel -->\n\n\t\t<\/div>\n\t<\/div>\n\t<!-- END: .posts-carousel -->\n[\/vc_column][\/vc_row][vc_row full_width=&#8221;stretch_row&#8221; css=&#8221;.vc_custom_1520218937715{padding-top: 60px !important;padding-bottom: 30px !important;}&#8221;][vc_column][vc_row_inner][vc_column_inner width=&#8221;1\/4&#8243;][\/vc_column_inner][vc_column_inner width=&#8221;1\/2&#8243;][vc_custom_heading text=&#8221;\u00dcR\u00dcNLER\u0130M\u0130Z&#8221; font_container=&#8221;tag:h3|font_size:32px|text_align:center|color:%23d6002a&#8221; use_theme_fonts=&#8221;yes&#8221;][vc_empty_space height=&#8221;40px&#8221;][\/vc_column_inner][vc_column_inner width=&#8221;1\/4&#8243;][\/vc_column_inner][\/vc_row_inner][vc_row_inner][vc_column_inner width=&#8221;1\/4&#8243;]<div class=\"iconbox hover  vc_custom_1727184223298\">\n\t<div class=\"box-header\">\n\t\t<div class=\"box-icon\"><i class=\"sl-check\"><\/i><\/div>\n\t\t<h6 class=\"box-title\">Asans\u00f6r Kabin Modelleri<\/h6>\n\t<\/div>\n\t<div class=\"box-content\">\n\t\t<div class=\"box-detail\">\n\t\t\t<p>Asans\u00f6r kabini tercihiniz kullanaca\u011f\u0131n\u0131z asans\u00f6r projesindeki ihtiyaca en uygun model olmal\u0131d\u0131r. Kabinlerimiz bir\u00e7ok farkl\u0131 modelde sunulmaktad\u0131r.<\/p>\n\n\t\t\t\n\t\t<p class=\"box-readmore\">\n\t\t\t<a href=\"https:\/\/mataelevator.com\/index.php\/asansor-kabinleri\/\">Detay \u0130ncele...<\/a>\n\t\t<\/p>\n\t\t<\/div>\n\t<\/div>\n<\/div>[vc_empty_space height=&#8221;30px&#8221;][\/vc_column_inner][vc_column_inner width=&#8221;1\/4&#8243;]<div class=\"iconbox hover  vc_custom_1727184244949\">\n\t<div class=\"box-header\">\n\t\t<div class=\"box-icon\"><i class=\"sl-check\"><\/i><\/div>\n\t\t<h6 class=\"box-title\">Makine Motor Se\u00e7enekleri<\/h6>\n\t<\/div>\n\t<div class=\"box-content\">\n\t\t<div class=\"box-detail\">\n\t\t\t<p>Projenizde\u00a0makine daireniz var ise; hem di\u015flili makine motoru, hem di\u015flisiz makine motoru tercih edebilirsiniz. Projenizde makine daireniz yok ise, di\u015flisiz makine motorlar\u0131n\u0131 tercih etmelisiz.<\/p>\n\n\t\t\t\n\t\t<p class=\"box-readmore\">\n\t\t\t<a href=\"https:\/\/mataelevator.com\/index.php\/asansor-makine-motor\/\">Detay \u0130ncele...<\/a>\n\t\t<\/p>\n\t\t<\/div>\n\t<\/div>\n<\/div>[vc_empty_space height=&#8221;30px&#8221;][\/vc_column_inner][vc_column_inner width=&#8221;1\/4&#8243;]<div class=\"iconbox hover  vc_custom_1727184261558\">\n\t<div class=\"box-header\">\n\t\t<div class=\"box-icon\"><i class=\"sl-check\"><\/i><\/div>\n\t\t<h6 class=\"box-title\">Asans\u00f6r Kap\u0131 Modelleri<\/h6>\n\t<\/div>\n\t<div class=\"box-content\">\n\t\t<div class=\"box-detail\">\n\t\t\t<\/p>\n<article class=\"row class-art\">\n<div class=\"col-md-12 col-sm-12\">\n<div class=\"content-holder\">\n<p>\u00dclkemizde geli\u015fien teknoloji ile birlikte; var olan yar\u0131 otomatik kap\u0131lar\u0131n yan\u0131 s\u0131ra, otomatik asans\u00f6r kap\u0131lar\u0131da \u00fcretilir ve Otomatik Asans\u00f6r Kap\u0131lar\u0131 Otomatik Kat Kap\u0131lar\u0131 ve Otomatik Kabin Kap\u0131lar\u0131 olarak ikiye ayr\u0131l\u0131r.<\/p>\n<\/div>\n<\/div>\n<\/article>\n<p>\n\n\t\t\t\n\t\t<p class=\"box-readmore\">\n\t\t\t<a href=\"https:\/\/mataelevator.com\/index.php\/asansor-kapilari\/\">Detay \u0130ncele...<\/a>\n\t\t<\/p>\n\t\t<\/div>\n\t<\/div>\n<\/div>[vc_empty_space height=&#8221;30px&#8221;][\/vc_column_inner][vc_column_inner width=&#8221;1\/4&#8243;]<div class=\"iconbox hover  vc_custom_1727184280537\">\n\t<div class=\"box-header\">\n\t\t<div class=\"box-icon\"><i class=\"sl-check\"><\/i><\/div>\n\t\t<h6 class=\"box-title\">Asans\u00f6r Kumanda Panolar\u0131<\/h6>\n\t<\/div>\n\t<div class=\"box-content\">\n\t\t<div class=\"box-detail\">\n\t\t\t<p>Asans\u00f6r kumanda panolar\u0131, asans\u00f6r makine sisteminin elektrik beslemesini yapan, t\u00fcm \u00e7al\u0131\u015fma ad\u0131mlar\u0131n\u0131 kontrol eden, t\u00fcm emniyetlerini sa\u011flayan beyni ve g\u00fc\u00e7 kayna\u011f\u0131d\u0131r.<\/p>\n\n\t\t\t\n\t\t<p class=\"box-readmore\">\n\t\t\t<a href=\"https:\/\/mataelevator.com\/index.php\/asansor-panolari\/\">Detay \u0130ncele...<\/a>\n\t\t<\/p>\n\t\t<\/div>\n\t<\/div>\n<\/div>[vc_empty_space height=&#8221;30px&#8221;][\/vc_column_inner][\/vc_row_inner][\/vc_column][\/vc_row]<\/p>\n<\/section>","protected":false},"excerpt":{"rendered":"<p>[vc_row full_width=&#8221;stretch_row_content_no_spaces&#8221;][vc_column][\/vc_column][\/vc_row][vc_section full_width=&#8221;stretch_row&#8221; css=&#8221;.vc_custom_1519992386013{padding-top: 60px !important;padding-bottom: 60px !important;background: #ffffff url(https:\/\/mataelevator.com\/wp-content\/uploads\/\/2017\/12\/bg-tb.png?id=1065) !important;background-position: center !important;background-repeat: no-repeat !important;background-size: cover !important;}&#8221;][vc_row][vc_column width=&#8221;1\/2&#8243;][vc_custom_heading text=&#8221;MATA ELEVATOR&amp;ESCALATOR&#8221; font_container=&#8221;tag:h3|text_align:left&#8221; use_theme_fonts=&#8221;yes&#8221;][vc_empty_space height=&#8221;20px&#8221;][\/vc_column][vc_column width=&#8221;1\/2&#8243;][vc_column_text] Sekt\u00f6rdeki uzun y\u0131llara dayanan deneyimimiz ve m\u00fckemmeliyet odakl\u0131 yakla\u015f\u0131m\u0131m\u0131zla, asans\u00f6r imalat\u0131, montaj\u0131 ve hizmetlerinde \u00f6nc\u00fc bir firma olmaktan mutluluk duyuyoruz. M\u00fc\u015fterilerimize y\u00fcksek kalite standartlar\u0131nda \u00f6zelle\u015ftirilmi\u015f \u00e7\u00f6z\u00fcmler sunmak i\u00e7in \u00e7al\u0131\u015f\u0131yor, projelerinde ba\u015far\u0131yla [&hellip;]<\/p>\n","protected":false},"author":1,"featured_media":0,"parent":0,"menu_order":0,"comment_status":"closed","ping_status":"closed","template":"","meta":{"_acf_changed":false,"footnotes":""},"class_list":["post-1660","page","type-page","status-publish","hentry"],"acf":[],"_links":{"self":[{"href":"https:\/\/mataelevator.com\/index.php\/wp-json\/wp\/v2\/pages\/1660","targetHints":{"allow":["GET"]}}],"collection":[{"href":"https:\/\/mataelevator.com\/index.php\/wp-json\/wp\/v2\/pages"}],"about":[{"href":"https:\/\/mataelevator.com\/index.php\/wp-json\/wp\/v2\/types\/page"}],"author":[{"embeddable":true,"href":"https:\/\/mataelevator.com\/index.php\/wp-json\/wp\/v2\/users\/1"}],"replies":[{"embeddable":true,"href":"https:\/\/mataelevator.com\/index.php\/wp-json\/wp\/v2\/comments?post=1660"}],"version-history":[{"count":21,"href":"https:\/\/mataelevator.com\/index.php\/wp-json\/wp\/v2\/pages\/1660\/revisions"}],"predecessor-version":[{"id":2177,"href":"https:\/\/mataelevator.com\/index.php\/wp-json\/wp\/v2\/pages\/1660\/revisions\/2177"}],"wp:attachment":[{"href":"https:\/\/mataelevator.com\/index.php\/wp-json\/wp\/v2\/media?parent=1660"}],"curies":[{"name":"wp","href":"https:\/\/api.w.org\/{rel}","templated":true}]}}