	{"id":1781,"date":"2024-09-24T10:35:01","date_gmt":"2024-09-24T07:35:01","guid":{"rendered":"http:\/\/mataelevator.com\/?page_id=1781"},"modified":"2024-09-24T11:54:41","modified_gmt":"2024-09-24T08:54:41","slug":"hakkimizda","status":"publish","type":"page","link":"https:\/\/mataelevator.com\/index.php\/hakkimizda\/","title":{"rendered":"Hakk\u0131m\u0131zda"},"content":{"rendered":"<section class=\"wpb-content-wrapper\"><p>[vc_row][vc_column][vc_column_text]<\/p>\n<h2 style=\"text-align: center;\"><span style=\"color: #ff0000;\">MATA ELEVATOR&amp;ESCALATOR<\/span><\/h2>\n<p>[\/vc_column_text][vc_empty_space][vc_single_image image=&#8221;1908&#8243; img_size=&#8221;full&#8221; style=&#8221;vc_box_shadow_3d&#8221;][vc_empty_space][\/vc_column][\/vc_row][vc_row][vc_column width=&#8221;1\/2&#8243;][vc_column_text]<\/p>\n<h2>HAKKIMIZDA<\/h2>\n<p style=\"text-align: justify;\">T\u00fcrkiye\u2019nin bir \u00e7ok ilinde hizmet veren Mata Elevator, asans\u00f6r ve y\u00fcr\u00fcyen merdiven montaj\u0131, modernizasyonu ve bak\u0131m\u0131na y\u00f6nelik eksiksiz ve yenilik\u00e7i \u00e7\u00f6z\u00fcmlerimiz ve imza att\u0131\u011f\u0131m\u0131z dev projelerle, k\u0131sa zamanda ad\u0131ndan s\u00f6z ettiren, g\u00fc\u00e7l\u00fc firmalardan birtanesiri\u2026T\u00fcrkiye nin ise en sayg\u0131n asans\u00f6r firmalar\u0131ndan biri olan Mata Elevator, marka de\u011ferini ve g\u00fcvenilirli\u011fini, faaliyet g\u00f6sterdi\u011fi t\u00fcm \u015fehirlerde ayn\u0131 \u00f6zenle korumaya devam etmektedir..<\/p>\n<p style=\"text-align: justify;\">Mata Elevator olarak bizler, 2000 y\u0131l\u0131ndan g\u00fcn\u00fcm\u00fcze bu de\u011ferli markay\u0131 \u00fclkemizle bulu\u015fturman\u0131n sorumlulu\u011funu gururla ta\u015f\u0131yoruz.<\/p>\n<p>[\/vc_column_text][\/vc_column][vc_column width=&#8221;1\/2&#8243;][vc_column_text]<strong>Misyonumuz;<\/strong><\/p>\n<p style=\"text-align: justify;\">G\u00fcn\u00fcm\u00fcz teknoloji \u00e7a\u011f\u0131nda, y\u00fcksek ya\u015fam standartlar\u0131na sahip; kalite, g\u00fcven ve h\u0131zl\u0131l\u0131\u011f\u0131n herkesin hakk\u0131 oldu\u011funa inan\u0131yoruz. Mata Elevator ailesi olarak; tedarik\u00e7ilerimiz ve i\u015f ortaklar\u0131m\u0131zla birlikte \u00e7al\u0131\u015f\u0131yor ve bir \u00e7ok projeye birlikte imzam\u0131z\u0131 at\u0131yoruz.<\/p>\n<p><strong>Vizyonumuz;<\/strong><\/p>\n<p style=\"text-align: justify;\">\u00d6ncelikli olarak teknolojiye ayak uyduran, \u00e7evresine ve rakiplerine kar\u015f\u0131l\u0131kl\u0131 sayg\u0131l\u0131 olan bir anlay\u0131\u015f\u0131 istiyoruz. Ayn\u0131 zamanda geli\u015fime a\u00e7\u0131k bir yakla\u015f\u0131mla, kendi uzmanl\u0131k alan\u0131m\u0131zda kendine \u00f6zg\u00fc ve yenilik\u00e7i y\u00f6ntemler geli\u015ftirerek s\u00fcrekli ilerlemeyi istiyoruz.<\/p>\n<p>[\/vc_column_text][\/vc_column][\/vc_row][vc_row][vc_column width=&#8221;1\/2&#8243;][vc_column_text]<\/p>\n<h3 style=\"text-align: justify;\">Kalite Politikam\u0131z<\/h3>\n<p style=\"text-align: justify;\">Montaj\u0131 yap\u0131lan her asans\u00f6r\u00fcn, y\u00fcr\u00fcyen merdivenin, y\u00fcr\u00fcyen yollar\u0131n her payda\u015f i\u00e7in mutluluk ve gurur duyma nedeni olmas\u0131n\u0131n sa\u011flanmas\u0131 Mata Elevator&#8217;\u00fcn ana politikas\u0131d\u0131r.<\/p>\n<p style=\"text-align: justify;\"><strong>\u00a0<\/strong>Kalite y\u00f6netim sistemini, \u00f6d\u00fcn vermeden en iyi sekilde uygulayarak yurt i\u00e7i asans\u00f6r pazar\u0131nda ba\u015far\u0131 ve rekabet olgusunu \u00f6n plana \u00e7\u0131kartmak,<\/p>\n<p style=\"text-align: justify;\">M\u00fc\u015fterilerimizin \u201dg\u00fcven ve memnuniyetini\u201d yapt\u0131\u011f\u0131m\u0131z i\u015flerde temel prensibimiz oldu\u011funu hisettirmek, ya\u015fatmak;<\/p>\n<p style=\"text-align: justify;\">Mata Elevator b\u00fcnyesinde \u00e7al\u0131\u015fan beyaz yaka ve teknik personellerimiz aras\u0131nda \u00f6z g\u00fcveni sa\u011flayarak \u00e7al\u0131\u015fma ortam\u0131n\u0131 iyile\u015ftirmek,ki\u015fisel ileti\u015fimleri g\u00fc\u00e7lendirmek, is\u00e7i sa\u011fl\u0131\u011f\u0131 , i\u015f g\u00fcvenli\u011fi ve gerekli g\u00f6r\u00fclen konularda firma i\u00e7i e\u011fitimleri vererek kendimizi s\u00fcrekli geli\u015ftirmek;<\/p>\n<p>[\/vc_column_text][\/vc_column][vc_column width=&#8221;1\/2&#8243;][vc_column_text]<\/p>\n<h3><span style=\"color: #ff0000;\">Y\u00dcR\u00dcYEN MERD\u0130VEN&amp;YOL BAND S\u0130STEMLER\u0130<\/span><\/h3>\n<p>[\/vc_column_text][vc_column_text]<\/p>\n<div class=\"wp-playlist wp-video-playlist wp-playlist-light\">\n\t\t<video controls=\"controls\" preload=\"none\" width=\"878\"\n\t\t height=\"494\"\t><\/video>\n\t<div class=\"wp-playlist-next\"><\/div>\n\t<div class=\"wp-playlist-prev\"><\/div>\n\t<noscript>\n\t<ol>\n\t\t<li><a href='https:\/\/mataelevator.com\/wp-content\/uploads\/2024\/09\/yuruyen-merdiven-3611.mp4'>Y\u00fcr\u00fcyen Merdiven<\/a><\/li><li><a href='https:\/\/mataelevator.com\/wp-content\/uploads\/2024\/09\/yuruyen-merdiven-3593.mp4'>Y\u00fcr\u00fcyen Yol&Bant<\/a><\/li>\t<\/ol>\n\t<\/noscript>\n\t<script type=\"application\/json\" class=\"wp-playlist-script\">{\"type\":\"video\",\"tracklist\":true,\"tracknumbers\":true,\"images\":true,\"artists\":true,\"tracks\":[{\"src\":\"https:\/\/mataelevator.com\/wp-content\/uploads\/2024\/09\/yuruyen-merdiven-3611.mp4\",\"type\":\"video\/mp4\",\"title\":\"Y\\u00fcr\\u00fcyen Merdiven\",\"caption\":\"\",\"description\":\"\",\"meta\":{\"length_formatted\":\"0:10\"},\"dimensions\":{\"original\":{\"width\":1280,\"height\":720},\"resized\":{\"width\":878,\"height\":494}},\"image\":{\"src\":\"https:\/\/mataelevator.com\/wp-includes\/images\/media\/video.svg\",\"width\":48,\"height\":64},\"thumb\":{\"src\":\"https:\/\/mataelevator.com\/wp-includes\/images\/media\/video.svg\",\"width\":48,\"height\":64}},{\"src\":\"https:\/\/mataelevator.com\/wp-content\/uploads\/2024\/09\/yuruyen-merdiven-3593.mp4\",\"type\":\"video\/mp4\",\"title\":\"Y\\u00fcr\\u00fcyen Yol&Bant\",\"caption\":\"\",\"description\":\"\",\"meta\":{\"length_formatted\":\"0:20\"},\"dimensions\":{\"original\":{\"width\":1280,\"height\":720},\"resized\":{\"width\":878,\"height\":494}},\"image\":{\"src\":\"https:\/\/mataelevator.com\/wp-includes\/images\/media\/video.svg\",\"width\":48,\"height\":64},\"thumb\":{\"src\":\"https:\/\/mataelevator.com\/wp-includes\/images\/media\/video.svg\",\"width\":48,\"height\":64}}]}<\/script>\n<\/div>\n\t\n<p>[\/vc_column_text][\/vc_column][\/vc_row]<\/p>\n<\/section>","protected":false},"excerpt":{"rendered":"<p>[vc_row][vc_column][vc_column_text] MATA ELEVATOR&amp;ESCALATOR [\/vc_column_text][vc_empty_space][vc_single_image image=&#8221;1908&#8243; img_size=&#8221;full&#8221; style=&#8221;vc_box_shadow_3d&#8221;][vc_empty_space][\/vc_column][\/vc_row][vc_row][vc_column width=&#8221;1\/2&#8243;][vc_column_text] HAKKIMIZDA T\u00fcrkiye\u2019nin bir \u00e7ok ilinde hizmet veren Mata Elevator, asans\u00f6r ve y\u00fcr\u00fcyen merdiven montaj\u0131, modernizasyonu ve bak\u0131m\u0131na y\u00f6nelik eksiksiz ve yenilik\u00e7i \u00e7\u00f6z\u00fcmlerimiz ve imza att\u0131\u011f\u0131m\u0131z dev projelerle, k\u0131sa zamanda ad\u0131ndan s\u00f6z ettiren, g\u00fc\u00e7l\u00fc firmalardan birtanesiri\u2026T\u00fcrkiye nin ise en sayg\u0131n asans\u00f6r firmalar\u0131ndan biri olan Mata Elevator, marka de\u011ferini [&hellip;]<\/p>\n","protected":false},"author":1,"featured_media":0,"parent":0,"menu_order":0,"comment_status":"closed","ping_status":"closed","template":"","meta":{"_acf_changed":false,"footnotes":""},"class_list":["post-1781","page","type-page","status-publish","hentry"],"acf":[],"_links":{"self":[{"href":"https:\/\/mataelevator.com\/index.php\/wp-json\/wp\/v2\/pages\/1781","targetHints":{"allow":["GET"]}}],"collection":[{"href":"https:\/\/mataelevator.com\/index.php\/wp-json\/wp\/v2\/pages"}],"about":[{"href":"https:\/\/mataelevator.com\/index.php\/wp-json\/wp\/v2\/types\/page"}],"author":[{"embeddable":true,"href":"https:\/\/mataelevator.com\/index.php\/wp-json\/wp\/v2\/users\/1"}],"replies":[{"embeddable":true,"href":"https:\/\/mataelevator.com\/index.php\/wp-json\/wp\/v2\/comments?post=1781"}],"version-history":[{"count":6,"href":"https:\/\/mataelevator.com\/index.php\/wp-json\/wp\/v2\/pages\/1781\/revisions"}],"predecessor-version":[{"id":1911,"href":"https:\/\/mataelevator.com\/index.php\/wp-json\/wp\/v2\/pages\/1781\/revisions\/1911"}],"wp:attachment":[{"href":"https:\/\/mataelevator.com\/index.php\/wp-json\/wp\/v2\/media?parent=1781"}],"curies":[{"name":"wp","href":"https:\/\/api.w.org\/{rel}","templated":true}]}}