	{"id":1804,"date":"2024-09-24T10:42:44","date_gmt":"2024-09-24T07:42:44","guid":{"rendered":"http:\/\/mataelevator.com\/?page_id=1804"},"modified":"2024-09-24T12:12:16","modified_gmt":"2024-09-24T09:12:16","slug":"asansor-bakim","status":"publish","type":"page","link":"https:\/\/mataelevator.com\/index.php\/asansor-bakim\/","title":{"rendered":"Asans\u00f6r Bak\u0131m"},"content":{"rendered":"<section class=\"wpb-content-wrapper\"><p>[vc_row][vc_column width=&#8221;1\/2&#8243;][vc_empty_space][vc_single_image image=&#8221;1913&#8243; img_size=&#8221;full&#8221; style=&#8221;vc_box_shadow_3d&#8221;][vc_column_text]Asans\u00f6r bak\u0131m i\u015flemlerinde k\u0131saca \u015fu t\u00fcr i\u015flemler yap\u0131l\u0131r:<\/p>\n<ul>\n<li>Asans\u00f6r bo\u015flu\u011fu ve kabin \u00fcst b\u00f6l\u00fcm\u00fcnde varsa yabanc\u0131 unsurlar temizlenir.<\/li>\n<li>Frenleme sistemi kontrol edilir.<\/li>\n<li>Halat kontrollerinin ve de\u011fi\u015fimlerinin yap\u0131lmas\u0131.<\/li>\n<li>Kat ayarlar\u0131, d\u00fc\u011fme i\u015flevsellikleri ve di\u011fer t\u00fcm unsurlar test edilir.<\/li>\n<\/ul>\n<p>[\/vc_column_text][\/vc_column][vc_column width=&#8221;1\/2&#8243;][vc_column_text]<\/p>\n<h2>7\/24 Teknik servis, ihtiya\u00e7 duydu\u011funuz her an yan\u0131n\u0131zday\u0131z.<\/h2>\n<p>Binan\u0131zda insanlar\u0131 hareket halinde tutmak bizim i\u00e7in en \u00f6nemlisidir. Mata Elevator\u2019de, bunun do\u011fru teknik ekibe, s\u00fcrekli e\u011fitime ve g\u00fcvenilir bir yedek par\u00e7a da\u011f\u0131t\u0131m a\u011f\u0131na sahip olmak oldu\u011funu biliyoruz.<\/p>\n<h2><span id=\"Asansor_Bakim_Onarim_Hizmeti\"><strong>Asans\u00f6r Bak\u0131m Onar\u0131m Hizmeti<\/strong><\/span><\/h2>\n<p style=\"text-align: justify;\">Asans\u00f6r teknik servis hizmetleri kapsam\u0131na profesyonel \u00e7\u00f6z\u00fcmler sunan Mata Elevator, bak\u0131m ve onar\u0131m hizmetlerinin t\u00fcm\u00fcnde yan\u0131n\u0131zdad\u0131r. G\u00fcvenli ve sorunsuz bir \u015fekilde asans\u00f6rlerin \u00e7al\u0131\u015fmas\u0131 i\u00e7in periyodik bak\u0131mlar\u0131n\u0131n yap\u0131lmas\u0131 gerekmektedir. Asans\u00f6r servisi olarak t\u00fcm bu ihtiya\u00e7lar\u0131n\u0131zda da teknik destek sunmaya devam ediyoruz.<\/p>\n<p>[\/vc_column_text][\/vc_column][\/vc_row]<\/p>\n<\/section>","protected":false},"excerpt":{"rendered":"<p>[vc_row][vc_column width=&#8221;1\/2&#8243;][vc_empty_space][vc_single_image image=&#8221;1913&#8243; img_size=&#8221;full&#8221; style=&#8221;vc_box_shadow_3d&#8221;][vc_column_text]Asans\u00f6r bak\u0131m i\u015flemlerinde k\u0131saca \u015fu t\u00fcr i\u015flemler yap\u0131l\u0131r: Asans\u00f6r bo\u015flu\u011fu ve kabin \u00fcst b\u00f6l\u00fcm\u00fcnde varsa yabanc\u0131 unsurlar temizlenir. Frenleme sistemi kontrol edilir. Halat kontrollerinin ve de\u011fi\u015fimlerinin yap\u0131lmas\u0131. Kat ayarlar\u0131, d\u00fc\u011fme i\u015flevsellikleri ve di\u011fer t\u00fcm unsurlar test edilir. [\/vc_column_text][\/vc_column][vc_column width=&#8221;1\/2&#8243;][vc_column_text] 7\/24 Teknik servis, ihtiya\u00e7 duydu\u011funuz her an yan\u0131n\u0131zday\u0131z. Binan\u0131zda insanlar\u0131 hareket halinde [&hellip;]<\/p>\n","protected":false},"author":1,"featured_media":0,"parent":0,"menu_order":0,"comment_status":"closed","ping_status":"closed","template":"","meta":{"_acf_changed":false,"footnotes":""},"class_list":["post-1804","page","type-page","status-publish","hentry"],"acf":[],"_links":{"self":[{"href":"https:\/\/mataelevator.com\/index.php\/wp-json\/wp\/v2\/pages\/1804","targetHints":{"allow":["GET"]}}],"collection":[{"href":"https:\/\/mataelevator.com\/index.php\/wp-json\/wp\/v2\/pages"}],"about":[{"href":"https:\/\/mataelevator.com\/index.php\/wp-json\/wp\/v2\/types\/page"}],"author":[{"embeddable":true,"href":"https:\/\/mataelevator.com\/index.php\/wp-json\/wp\/v2\/users\/1"}],"replies":[{"embeddable":true,"href":"https:\/\/mataelevator.com\/index.php\/wp-json\/wp\/v2\/comments?post=1804"}],"version-history":[{"count":3,"href":"https:\/\/mataelevator.com\/index.php\/wp-json\/wp\/v2\/pages\/1804\/revisions"}],"predecessor-version":[{"id":1912,"href":"https:\/\/mataelevator.com\/index.php\/wp-json\/wp\/v2\/pages\/1804\/revisions\/1912"}],"wp:attachment":[{"href":"https:\/\/mataelevator.com\/index.php\/wp-json\/wp\/v2\/media?parent=1804"}],"curies":[{"name":"wp","href":"https:\/\/api.w.org\/{rel}","templated":true}]}}