	{"id":1806,"date":"2024-09-24T10:42:57","date_gmt":"2024-09-24T07:42:57","guid":{"rendered":"http:\/\/mataelevator.com\/?page_id=1806"},"modified":"2024-09-24T12:54:43","modified_gmt":"2024-09-24T09:54:43","slug":"asansor-montaj","status":"publish","type":"page","link":"https:\/\/mataelevator.com\/index.php\/asansor-montaj\/","title":{"rendered":"Asans\u00f6r Montaj"},"content":{"rendered":"<section class=\"wpb-content-wrapper\"><p>[vc_row][vc_column width=&#8221;1\/2&#8243;][vc_column_text]<span style=\"color: #ff0000;\"><strong>\u015eANT\u0130YEN\u0130Z \u0130\u00c7\u0130N M\u00dcKEMMEL \u00c7\u00d6Z\u00dcMLER<\/strong><\/span>[\/vc_column_text][vc_column_text]<\/p>\n<div class=\"wp-playlist wp-video-playlist wp-playlist-light\">\n\t\t<video controls=\"controls\" preload=\"none\" width=\"878\"\n\t\t height=\"494\"\t><\/video>\n\t<div class=\"wp-playlist-next\"><\/div>\n\t<div class=\"wp-playlist-prev\"><\/div>\n\t<noscript>\n\t<ol>\n\t\t<li><a href='https:\/\/mataelevator.com\/wp-content\/uploads\/2024\/09\/Santiye.mp4'>\u015eantiye<\/a><\/li>\t<\/ol>\n\t<\/noscript>\n\t<script type=\"application\/json\" class=\"wp-playlist-script\">{\"type\":\"video\",\"tracklist\":true,\"tracknumbers\":true,\"images\":true,\"artists\":true,\"tracks\":[{\"src\":\"https:\/\/mataelevator.com\/wp-content\/uploads\/2024\/09\/Santiye.mp4\",\"type\":\"video\/mp4\",\"title\":\"\\u015eantiye\",\"caption\":\"\",\"description\":\"\",\"meta\":{\"length_formatted\":\"0:16\"},\"dimensions\":{\"original\":{\"width\":3840,\"height\":2160},\"resized\":{\"width\":878,\"height\":494}},\"image\":{\"src\":\"https:\/\/mataelevator.com\/wp-includes\/images\/media\/video.svg\",\"width\":48,\"height\":64},\"thumb\":{\"src\":\"https:\/\/mataelevator.com\/wp-includes\/images\/media\/video.svg\",\"width\":48,\"height\":64}}]}<\/script>\n<\/div>\n\t\n<p>[\/vc_column_text][vc_empty_space][vc_column_text]<span style=\"color: #ff0000;\"><strong>M\u00dcHEND\u0130SLER\u0130M\u0130Z S\u0130Z\u0130NLE<\/strong><\/span>[\/vc_column_text][vc_column_text]<\/p>\n<div class=\"wp-playlist wp-video-playlist wp-playlist-light\">\n\t\t<video controls=\"controls\" preload=\"none\" width=\"878\"\n\t\t height=\"494\"\t><\/video>\n\t<div class=\"wp-playlist-next\"><\/div>\n\t<div class=\"wp-playlist-prev\"><\/div>\n\t<noscript>\n\t<ol>\n\t\t<li><a href='https:\/\/mataelevator.com\/wp-content\/uploads\/2024\/09\/Muhendislik.mp4'>M\u00fchendislik<\/a><\/li>\t<\/ol>\n\t<\/noscript>\n\t<script type=\"application\/json\" class=\"wp-playlist-script\">{\"type\":\"video\",\"tracklist\":true,\"tracknumbers\":true,\"images\":true,\"artists\":true,\"tracks\":[{\"src\":\"https:\/\/mataelevator.com\/wp-content\/uploads\/2024\/09\/Muhendislik.mp4\",\"type\":\"video\/mp4\",\"title\":\"M\\u00fchendislik\",\"caption\":\"\",\"description\":\"\",\"meta\":{\"length_formatted\":\"0:19\"},\"dimensions\":{\"original\":{\"width\":1920,\"height\":1080},\"resized\":{\"width\":878,\"height\":494}},\"image\":{\"src\":\"https:\/\/mataelevator.com\/wp-includes\/images\/media\/video.svg\",\"width\":48,\"height\":64},\"thumb\":{\"src\":\"https:\/\/mataelevator.com\/wp-includes\/images\/media\/video.svg\",\"width\":48,\"height\":64}}]}<\/script>\n<\/div>\n\t\n<p>[\/vc_column_text][\/vc_column][vc_column width=&#8221;1\/2&#8243;][vc_column_text]<\/p>\n<p style=\"text-align: justify;\">Modern binalar\u0131n vazge\u00e7ilmez unsurlar\u0131ndan biri olan asans\u00f6rler, g\u00fcvenli ve etkili bir \u015fekilde monte edilmesi gereken karma\u015f\u0131k sistemlerdir. \u0130\u015fte tam da bu noktada, profesyonel asans\u00f6r montaj hizmetleri devreye girer.<\/p>\n<p style=\"text-align: justify;\"><strong>Profesyonel Montaj\u0131n \u00d6nemi<\/strong><\/p>\n<p style=\"text-align: justify;\">Do\u011fru ve g\u00fcvenli bir \u015fekilde monte edilmeyen asans\u00f6rler, ciddi g\u00fcvenlik riskleri olu\u015fturabilir ve \u00e7al\u0131\u015fma prensibini etkileyebilir. Profesyonel bir montaj hizmeti, asans\u00f6r\u00fcn\u00fcz\u00fcn g\u00fcvenli ve verimli bir \u015fekilde \u00e7al\u0131\u015fmas\u0131n\u0131 sa\u011flar. Ayr\u0131ca, uzman ekiplerimiz taraf\u0131ndan yap\u0131lan montaj i\u015flemleri, ileride olu\u015fabilecek sorunlar\u0131n \u00f6nlenmesine yard\u0131mc\u0131 olur.<\/p>\n<hr \/>\n<p><strong>Montaj S\u00fcreci<\/strong><\/p>\n<p>Profesyonel bir montaj s\u00fcreci genellikle \u015fu ad\u0131mlar\u0131 i\u00e7erir:<\/p>\n<ol>\n<li><strong>Planlama ve Tasar\u0131m:<\/strong>\u00a0\u0130lk ad\u0131m, montaj i\u015fleminin planlanmas\u0131 ve tasarlanmas\u0131d\u0131r. Uzmanlar\u0131m\u0131z, binan\u0131n yap\u0131s\u0131n\u0131 ve ihtiya\u00e7lar\u0131n\u0131 dikkate alarak en uygun montaj stratejisini belirlerler.<\/li>\n<li><strong>Malzeme Temini:<\/strong>\u00a0Gerekli malzemelerin temini ve haz\u0131rl\u0131\u011f\u0131 bu a\u015famada ger\u00e7ekle\u015ftirilir. Y\u00fcksek kaliteli ve uygun standartlara sahip malzemeler kullan\u0131larak, g\u00fcvenli ve dayan\u0131kl\u0131 bir montaj sa\u011flan\u0131r.<\/li>\n<li><strong>Montaj \u0130\u015flemi:<\/strong>\u00a0Asans\u00f6r\u00fcn bile\u015fenlerinin montaj\u0131, deneyimli teknisyenlerimiz taraf\u0131ndan titizlikle ger\u00e7ekle\u015ftirilir. Her ad\u0131m dikkatle kontrol edilir ve uygun g\u00fcvenlik \u00f6nlemleri al\u0131n\u0131r.<\/li>\n<li><strong>Test ve Kontrol:<\/strong>\u00a0Montaj i\u015flemi tamamland\u0131ktan sonra, asans\u00f6r\u00fcn i\u015flevselli\u011fi ve g\u00fcvenli\u011fi test edilir. Fren sistemleri, kap\u0131 mekanizmalar\u0131, elektrik ba\u011flant\u0131lar\u0131 ve di\u011fer \u00f6nemli bile\u015fenler kontrol edilerek, herhangi bir sorunun erken te\u015fhis edilmesi sa\u011flan\u0131r.<\/li>\n<\/ol>\n<p>[\/vc_column_text][\/vc_column][\/vc_row]<\/p>\n<\/section>","protected":false},"excerpt":{"rendered":"<p>[vc_row][vc_column width=&#8221;1\/2&#8243;][vc_column_text]\u015eANT\u0130YEN\u0130Z \u0130\u00c7\u0130N M\u00dcKEMMEL \u00c7\u00d6Z\u00dcMLER[\/vc_column_text][vc_column_text] [\/vc_column_text][vc_empty_space][vc_column_text]M\u00dcHEND\u0130SLER\u0130M\u0130Z S\u0130Z\u0130NLE[\/vc_column_text][vc_column_text] [\/vc_column_text][\/vc_column][vc_column width=&#8221;1\/2&#8243;][vc_column_text] Modern binalar\u0131n vazge\u00e7ilmez unsurlar\u0131ndan biri olan asans\u00f6rler, g\u00fcvenli ve etkili bir \u015fekilde monte edilmesi gereken karma\u015f\u0131k sistemlerdir. \u0130\u015fte tam da bu noktada, profesyonel asans\u00f6r montaj hizmetleri devreye girer. Profesyonel Montaj\u0131n \u00d6nemi Do\u011fru ve g\u00fcvenli bir \u015fekilde monte edilmeyen asans\u00f6rler, ciddi g\u00fcvenlik riskleri olu\u015fturabilir ve \u00e7al\u0131\u015fma prensibini [&hellip;]<\/p>\n","protected":false},"author":1,"featured_media":0,"parent":0,"menu_order":0,"comment_status":"closed","ping_status":"closed","template":"","meta":{"_acf_changed":false,"footnotes":""},"class_list":["post-1806","page","type-page","status-publish","hentry"],"acf":[],"_links":{"self":[{"href":"https:\/\/mataelevator.com\/index.php\/wp-json\/wp\/v2\/pages\/1806","targetHints":{"allow":["GET"]}}],"collection":[{"href":"https:\/\/mataelevator.com\/index.php\/wp-json\/wp\/v2\/pages"}],"about":[{"href":"https:\/\/mataelevator.com\/index.php\/wp-json\/wp\/v2\/types\/page"}],"author":[{"embeddable":true,"href":"https:\/\/mataelevator.com\/index.php\/wp-json\/wp\/v2\/users\/1"}],"replies":[{"embeddable":true,"href":"https:\/\/mataelevator.com\/index.php\/wp-json\/wp\/v2\/comments?post=1806"}],"version-history":[{"count":5,"href":"https:\/\/mataelevator.com\/index.php\/wp-json\/wp\/v2\/pages\/1806\/revisions"}],"predecessor-version":[{"id":1924,"href":"https:\/\/mataelevator.com\/index.php\/wp-json\/wp\/v2\/pages\/1806\/revisions\/1924"}],"wp:attachment":[{"href":"https:\/\/mataelevator.com\/index.php\/wp-json\/wp\/v2\/media?parent=1806"}],"curies":[{"name":"wp","href":"https:\/\/api.w.org\/{rel}","templated":true}]}}