	{"id":1808,"date":"2024-09-24T10:43:08","date_gmt":"2024-09-24T07:43:08","guid":{"rendered":"http:\/\/mataelevator.com\/?page_id=1808"},"modified":"2024-09-24T13:06:26","modified_gmt":"2024-09-24T10:06:26","slug":"asansor-revizyon","status":"publish","type":"page","link":"https:\/\/mataelevator.com\/index.php\/asansor-revizyon\/","title":{"rendered":"Asans\u00f6r Revizyon"},"content":{"rendered":"<section class=\"wpb-content-wrapper\"><p>[vc_row][vc_column width=&#8221;1\/2&#8243;][vc_column_text]<\/p>\n<div class=\"wp-playlist wp-video-playlist wp-playlist-light\">\n\t\t<video controls=\"controls\" preload=\"none\" width=\"878\"\n\t\t height=\"494\"\t><\/video>\n\t<div class=\"wp-playlist-next\"><\/div>\n\t<div class=\"wp-playlist-prev\"><\/div>\n\t<noscript>\n\t<ol>\n\t\t<li><a href='https:\/\/mataelevator.com\/wp-content\/uploads\/2024\/09\/Asansor-Revizyon.mp4'>Asans\u00f6r Revizyon<\/a><\/li>\t<\/ol>\n\t<\/noscript>\n\t<script type=\"application\/json\" class=\"wp-playlist-script\">{\"type\":\"video\",\"tracklist\":true,\"tracknumbers\":true,\"images\":true,\"artists\":true,\"tracks\":[{\"src\":\"https:\/\/mataelevator.com\/wp-content\/uploads\/2024\/09\/Asansor-Revizyon.mp4\",\"type\":\"video\/mp4\",\"title\":\"Asans\\u00f6r Revizyon\",\"caption\":\"\",\"description\":\"\",\"meta\":[],\"dimensions\":{\"original\":{\"width\":1280,\"height\":720},\"resized\":{\"width\":878,\"height\":494}},\"image\":{\"src\":\"https:\/\/mataelevator.com\/wp-includes\/images\/media\/video.svg\",\"width\":48,\"height\":64},\"thumb\":{\"src\":\"https:\/\/mataelevator.com\/wp-includes\/images\/media\/video.svg\",\"width\":48,\"height\":64}}]}<\/script>\n<\/div>\n\t\n<p>[\/vc_column_text][vc_empty_space][vc_column_text]<\/p>\n<div style=\"width: 900px;\" class=\"wp-video\"><video class=\"wp-video-shortcode\" id=\"video-1808-1\" width=\"900\" height=\"506\" preload=\"metadata\" controls=\"controls\"><source type=\"video\/mp4\" src=\"https:\/\/mataelevator.com\/wp-content\/uploads\/2024\/09\/Asansor-Modernizasyon.mp4?_=1\" \/><a href=\"https:\/\/mataelevator.com\/wp-content\/uploads\/2024\/09\/Asansor-Modernizasyon.mp4\">https:\/\/mataelevator.com\/wp-content\/uploads\/2024\/09\/Asansor-Modernizasyon.mp4<\/a><\/video><\/div>\n<p>[\/vc_column_text][\/vc_column][vc_column width=&#8221;1\/2&#8243;][vc_column_text]<\/p>\n<h2><span id=\"Asansor_Revizyon_Hizmeti\"><strong>Asans\u00f6r Revizyon Modernizasyon<\/strong><\/span><\/h2>\n<p style=\"text-align: justify;\">Asans\u00f6r yenileme hizmetleri, asans\u00f6r sisteminin binalarda ilk g\u00fcnk\u00fc verimi ve performans\u0131 ile g\u00fcvenli \u015fekilde \u00e7al\u0131\u015fmas\u0131n\u0131 sa\u011flayacak en \u00f6nemli hizmetler aras\u0131nda yer al\u0131yor. Kurumsal firmalar ile \u00e7al\u0131\u015farak bu s\u00fcrecin sorunsuz olarak ger\u00e7ekle\u015ftirilmesini sa\u011flayabilirsiniz. Zaman i\u00e7inde asans\u00f6rde meydana gelecek sorunlar\u0131n ve y\u00fcksek maliyetlere sahip ar\u0131zalar\u0131n ortadan kald\u0131r\u0131lmas\u0131 a\u00e7\u0131s\u0131ndan son derece m\u00fchim bir hizmettir.<\/p>\n<h3><span id=\"Asansor_Revizyon_Nasil_Yapilir\"><strong>Asans\u00f6r Revizyon Nas\u0131l Yap\u0131l\u0131r?<\/strong><\/span><\/h3>\n<p>Asans\u00f6r revizyon servisi olarak sizin i\u00e7in t\u00fcm asans\u00f6r yenileme, bak\u0131m \u2013 onar\u0131m ve montaj hizmetlerini g\u00fcvenle ger\u00e7ekle\u015ftirmeye devam ediyoruz. Mata Elevator\u00a0uzmanl\u0131\u011f\u0131ndan yararlanarak alaca\u011f\u0131n\u0131z revizyon hizmeti kapsam\u0131nda k\u0131saca \u015fu t\u00fcr i\u015flemler uygulanmaktad\u0131r:<\/p>\n<ul>\n<li>Y\u0131pranan par\u00e7alar\u0131n de\u011fi\u015fiminin yap\u0131lmas\u0131 ve ar\u0131zalar\u0131n giderilmesi.<\/li>\n<li>Asans\u00f6r\u00fcn yeniden s\u0131f\u0131r ayar\u0131na getirilmesi.<\/li>\n<li>Kullan\u0131m \u00f6mr\u00fcn\u00fc doldurmas\u0131yla gerekli yenileme i\u015flemlerinin tamamlanmas\u0131 vb.<\/li>\n<\/ul>\n<p>Asans\u00f6r modernizasyon hizmetleri kapsam\u0131nda eskiyen asans\u00f6rlerin yeniden ilk g\u00fcnk\u00fc verimlilik ve performans ile \u00e7al\u0131\u015fmas\u0131 sa\u011flanacakt\u0131r. Bu kapsamda bir\u00e7ok farkl\u0131 i\u015flem ger\u00e7ekle\u015ftirilmesi m\u00fcmk\u00fcnd\u00fcr.[\/vc_column_text][\/vc_column][\/vc_row]<\/p>\n<\/section>","protected":false},"excerpt":{"rendered":"<p>[vc_row][vc_column width=&#8221;1\/2&#8243;][vc_column_text] [\/vc_column_text][vc_empty_space][vc_column_text] [\/vc_column_text][\/vc_column][vc_column width=&#8221;1\/2&#8243;][vc_column_text] Asans\u00f6r Revizyon Modernizasyon Asans\u00f6r yenileme hizmetleri, asans\u00f6r sisteminin binalarda ilk g\u00fcnk\u00fc verimi ve performans\u0131 ile g\u00fcvenli \u015fekilde \u00e7al\u0131\u015fmas\u0131n\u0131 sa\u011flayacak en \u00f6nemli hizmetler aras\u0131nda yer al\u0131yor. Kurumsal firmalar ile \u00e7al\u0131\u015farak bu s\u00fcrecin sorunsuz olarak ger\u00e7ekle\u015ftirilmesini sa\u011flayabilirsiniz. Zaman i\u00e7inde asans\u00f6rde meydana gelecek sorunlar\u0131n ve y\u00fcksek maliyetlere sahip ar\u0131zalar\u0131n ortadan kald\u0131r\u0131lmas\u0131 a\u00e7\u0131s\u0131ndan son [&hellip;]<\/p>\n","protected":false},"author":1,"featured_media":0,"parent":0,"menu_order":0,"comment_status":"closed","ping_status":"closed","template":"","meta":{"_acf_changed":false,"footnotes":""},"class_list":["post-1808","page","type-page","status-publish","hentry"],"acf":[],"_links":{"self":[{"href":"https:\/\/mataelevator.com\/index.php\/wp-json\/wp\/v2\/pages\/1808","targetHints":{"allow":["GET"]}}],"collection":[{"href":"https:\/\/mataelevator.com\/index.php\/wp-json\/wp\/v2\/pages"}],"about":[{"href":"https:\/\/mataelevator.com\/index.php\/wp-json\/wp\/v2\/types\/page"}],"author":[{"embeddable":true,"href":"https:\/\/mataelevator.com\/index.php\/wp-json\/wp\/v2\/users\/1"}],"replies":[{"embeddable":true,"href":"https:\/\/mataelevator.com\/index.php\/wp-json\/wp\/v2\/comments?post=1808"}],"version-history":[{"count":4,"href":"https:\/\/mataelevator.com\/index.php\/wp-json\/wp\/v2\/pages\/1808\/revisions"}],"predecessor-version":[{"id":1921,"href":"https:\/\/mataelevator.com\/index.php\/wp-json\/wp\/v2\/pages\/1808\/revisions\/1921"}],"wp:attachment":[{"href":"https:\/\/mataelevator.com\/index.php\/wp-json\/wp\/v2\/media?parent=1808"}],"curies":[{"name":"wp","href":"https:\/\/api.w.org\/{rel}","templated":true}]}}