	{"id":1810,"date":"2024-09-24T10:43:38","date_gmt":"2024-09-24T07:43:38","guid":{"rendered":"http:\/\/mataelevator.com\/?page_id=1810"},"modified":"2024-09-24T13:26:01","modified_gmt":"2024-09-24T10:26:01","slug":"asansor-projelendirme","status":"publish","type":"page","link":"https:\/\/mataelevator.com\/index.php\/asansor-projelendirme\/","title":{"rendered":"Asans\u00f6r Projelendirme"},"content":{"rendered":"<section class=\"wpb-content-wrapper\"><p>[vc_row][vc_column width=&#8221;1\/2&#8243;][vc_column_text]<\/p>\n<div style=\"width: 900px;\" class=\"wp-video\"><video class=\"wp-video-shortcode\" id=\"video-1810-1\" width=\"900\" height=\"506\" preload=\"metadata\" controls=\"controls\"><source type=\"video\/mp4\" src=\"https:\/\/mataelevator.com\/wp-content\/uploads\/2024\/09\/Asansor-Projelendirme.mp4?_=1\" \/><a href=\"https:\/\/mataelevator.com\/wp-content\/uploads\/2024\/09\/Asansor-Projelendirme.mp4\">https:\/\/mataelevator.com\/wp-content\/uploads\/2024\/09\/Asansor-Projelendirme.mp4<\/a><\/video><\/div>\n<div style=\"width: 900px;\" class=\"wp-video\"><video class=\"wp-video-shortcode\" id=\"video-1810-2\" width=\"900\" height=\"506\" preload=\"metadata\" controls=\"controls\"><source type=\"video\/mp4\" src=\"https:\/\/mataelevator.com\/wp-content\/uploads\/2024\/09\/Santiyeniz.mp4?_=2\" \/><a href=\"https:\/\/mataelevator.com\/wp-content\/uploads\/2024\/09\/Santiyeniz.mp4\">https:\/\/mataelevator.com\/wp-content\/uploads\/2024\/09\/Santiyeniz.mp4<\/a><\/video><\/div>\n<p>[\/vc_column_text][\/vc_column][vc_column width=&#8221;1\/2&#8243;][vc_column_text]<\/p>\n<p style=\"text-align: justify;\">Asans\u00f6r Projelendirme i\u015flemi yap\u0131lar\u0131n proje \u00e7izimi a\u015famas\u0131nda ba\u015flar. \u0130yi bir asans\u00f6r projelendirmesi,yap\u0131n\u0131n mimarisini bozmadan, maksimum verim sa\u011flayan ve minimum alan kaplayan,ihtiyac\u0131 en uygun \u015fekilde kar\u015f\u0131layacak bir asans\u00f6r\u00fcn dizayn\u0131n\u0131 tarif etmelidir.<\/p>\n<p style=\"text-align: justify;\"><strong>Mata Elevator&amp;Escalator<\/strong>, mevcut yap\u0131larda veya mimari projesi hatal\u0131 yap\u0131larda;tesis edilecek olan asans\u00f6rlerde optimum fayday\u0131 sa\u011flarken,ilgili standartlara ve g\u00fcvenlik kurallar\u0131na ayk\u0131r\u0131 olmayan,her zaman insan\u0131 \u00f6n planda tutan asans\u00f6rleri projelendirir.<\/p>\n<p style=\"text-align: justify;\">Projelendirilmesi yada revize edilmesi gereken asans\u00f6rler ekibimiz ve m\u00fchendislerimiz taraf\u0131ndan proje alan\u0131nda incelenir. \u0130ncelenmesi yap\u0131lan proje alan\u0131n\u0131n gerekli \u00e7izimleri m\u00fchendislerimiz taraf\u0131ndan haz\u0131rlan\u0131r.<\/p>\n<p style=\"text-align: justify;\">Haz\u0131rlanan \u00e7izim ve d\u00f6k\u00fcmanlar k\u0131sa bir zamanda gerekli departmanlara ula\u015ft\u0131r\u0131l\u0131r. Projelendirme i\u015flemleri m\u00fc\u015fteri iste\u011fi ve dan\u0131\u015fmanlar\u0131m\u0131z taraf\u0131ndan belirlenecek olan asans\u00f6r adet, kapasite model ve \u00f6zellikler m\u00fchendislerimiz taraf\u0131ndan onayland\u0131ktan sonra fiyatland\u0131rmak i\u00e7in pazarlama departman\u0131m\u0131za g\u00f6nderilir.<br \/>\nM\u00fc\u015fteri ile sa\u011flanm\u0131\u015f olan mutabakat sonras\u0131 m\u00fchendislerimiz \u00e7izimleri tekniklere devreder ve projelendirme i\u015flemi sonu\u00e7lanm\u0131\u015f olur.Bu proje deste\u011fi, bina tasar\u0131mc\u0131lar\u0131na ve yat\u0131r\u0131mc\u0131lar\u0131na, ihtiya\u00e7lar\u0131n\u0131 belirlemek ve kar\u015f\u0131la\u015fabilecekleri olas\u0131 sorunlar\u0131 \u00f6ng\u00f6rmekte yard\u0131mc\u0131 olmaktad\u0131r.<\/p>\n<p>[\/vc_column_text][\/vc_column][\/vc_row]<\/p>\n<\/section>","protected":false},"excerpt":{"rendered":"<p>[vc_row][vc_column width=&#8221;1\/2&#8243;][vc_column_text] [\/vc_column_text][\/vc_column][vc_column width=&#8221;1\/2&#8243;][vc_column_text] Asans\u00f6r Projelendirme i\u015flemi yap\u0131lar\u0131n proje \u00e7izimi a\u015famas\u0131nda ba\u015flar. \u0130yi bir asans\u00f6r projelendirmesi,yap\u0131n\u0131n mimarisini bozmadan, maksimum verim sa\u011flayan ve minimum alan kaplayan,ihtiyac\u0131 en uygun \u015fekilde kar\u015f\u0131layacak bir asans\u00f6r\u00fcn dizayn\u0131n\u0131 tarif etmelidir. Mata Elevator&amp;Escalator, mevcut yap\u0131larda veya mimari projesi hatal\u0131 yap\u0131larda;tesis edilecek olan asans\u00f6rlerde optimum fayday\u0131 sa\u011flarken,ilgili standartlara ve g\u00fcvenlik kurallar\u0131na ayk\u0131r\u0131 olmayan,her [&hellip;]<\/p>\n","protected":false},"author":1,"featured_media":0,"parent":0,"menu_order":0,"comment_status":"closed","ping_status":"closed","template":"","meta":{"_acf_changed":false,"footnotes":""},"class_list":["post-1810","page","type-page","status-publish","hentry"],"acf":[],"_links":{"self":[{"href":"https:\/\/mataelevator.com\/index.php\/wp-json\/wp\/v2\/pages\/1810","targetHints":{"allow":["GET"]}}],"collection":[{"href":"https:\/\/mataelevator.com\/index.php\/wp-json\/wp\/v2\/pages"}],"about":[{"href":"https:\/\/mataelevator.com\/index.php\/wp-json\/wp\/v2\/types\/page"}],"author":[{"embeddable":true,"href":"https:\/\/mataelevator.com\/index.php\/wp-json\/wp\/v2\/users\/1"}],"replies":[{"embeddable":true,"href":"https:\/\/mataelevator.com\/index.php\/wp-json\/wp\/v2\/comments?post=1810"}],"version-history":[{"count":3,"href":"https:\/\/mataelevator.com\/index.php\/wp-json\/wp\/v2\/pages\/1810\/revisions"}],"predecessor-version":[{"id":1931,"href":"https:\/\/mataelevator.com\/index.php\/wp-json\/wp\/v2\/pages\/1810\/revisions\/1931"}],"wp:attachment":[{"href":"https:\/\/mataelevator.com\/index.php\/wp-json\/wp\/v2\/media?parent=1810"}],"curies":[{"name":"wp","href":"https:\/\/api.w.org\/{rel}","templated":true}]}}