	{"id":1812,"date":"2024-09-24T10:44:04","date_gmt":"2024-09-24T07:44:04","guid":{"rendered":"http:\/\/mataelevator.com\/?page_id=1812"},"modified":"2024-09-24T13:21:08","modified_gmt":"2024-09-24T10:21:08","slug":"yuruyen-merdiven","status":"publish","type":"page","link":"https:\/\/mataelevator.com\/index.php\/yuruyen-merdiven\/","title":{"rendered":"Y\u00fcr\u00fcyen Merdiven"},"content":{"rendered":"<section class=\"wpb-content-wrapper\"><p>[vc_row][vc_column width=&#8221;1\/2&#8243;][vc_column_text]<\/p>\n<p style=\"text-align: justify;\"><span style=\"color: #ff0000;\"><strong>Y\u00dcR\u00dcYEN MERD\u0130VEN S\u0130STEMLER\u0130<\/strong><\/span><\/p>\n<p style=\"text-align: justify;\">Y\u00fcr\u00fcyen merdivenler, elektrik ile \u00e7al\u0131\u015fan, merdiven basamaklar\u0131 devaml\u0131 olarak d\u00f6nen, insanlar\u0131n merdiven \u00e7\u0131kmadan bir \u00fcst kata \u00e7\u0131kmas\u0131n\u0131 ya da bir alt kata inmesini sa\u011flayan bir sistemdir. Y\u00fcr\u00fcyen merdivenler, asans\u00f6rlere g\u00f6re daha fazla insan ta\u015f\u0131yabilirler. En \u00e7ok al\u0131\u015fveri\u015f merkezleri, oteller, i\u015f merkezleri, havaalanlar\u0131, metro ve tren istasyonlar\u0131nda yo\u011fun olarak kullan\u0131l\u0131r.<\/p>\n<p style=\"text-align: justify;\">Sat\u0131\u015f\u0131n\u0131 yapm\u0131\u015f oldu\u011fumuz y\u00fcr\u00fcyen merdivenlerde, standart tasar\u0131mlar kullan\u0131lmakta olup, yap\u0131n\u0131n durumuna ve m\u00fc\u015fteri ihtiyac\u0131na g\u00f6re \u00f6zel tasar\u0131mlar yap\u0131labilmektedir.<\/p>\n<p style=\"text-align: justify;\">\u00dcretilen y\u00fcr\u00fcyen merdivenlerin \u00e7elik konstr\u00fcksiyonlar\u0131nda, kaynak \u00e7ekmelerini ve \u00f6l\u00e7\u00fc hatalar\u0131n\u0131 en aza indiren \u00f6zel tasar\u0131m kal\u0131p sayesinde, proses kontrollerinde hata y\u00fczdesi s\u0131f\u0131ra yak\u0131n olup bir \u00e7ok ziyaret\u00e7iyi \u015fa\u015f\u0131rtmaktad\u0131r.<\/p>\n<p style=\"text-align: justify;\">Y\u00fcr\u00fcyen merdivenin en \u00f6nemli aksamlar\u0131ndan olan, alt ve \u00fcst istasyonlar \u00f6zel kal\u0131plarda standart olarak \u00fcretilmektedir. Kullan\u0131lan t\u00fcm istasyon raylar\u0131, so\u011fuk \u00e7ekme ve y\u00fczeyleri konfor i\u00e7in temizlenmi\u015ftir. Tahrik sisteminde kullan\u0131lan t\u00fcm malzemeler, sertifikal\u0131 vas\u0131fl\u0131 \u00e7eliklerden se\u00e7ilir. Ayr\u0131ca, t\u00fcm \u00e7elikler a\u015f\u0131nmaya kar\u015f\u0131 sertle\u015ftirilmi\u015ftir. Se\u00e7ilen rulmanlar \u00f6m\u00fcr a\u00e7\u0131s\u0131ndan di\u011fer rulmanlardan \u00e7ok \u00fcst\u00fcnd\u00fcr bu da uzun y\u0131llar merdivenin sorunsuz \u00e7al\u0131\u015fmas\u0131n\u0131 sa\u011flar.<\/p>\n<p>[\/vc_column_text][\/vc_column][vc_column width=&#8221;1\/2&#8243;][vc_empty_space][vc_empty_space][vc_empty_space][vc_empty_space][vc_column_text]<\/p>\n<div style=\"width: 900px;\" class=\"wp-video\"><video class=\"wp-video-shortcode\" id=\"video-1812-1\" width=\"900\" height=\"506\" preload=\"metadata\" controls=\"controls\"><source type=\"video\/mp4\" src=\"https:\/\/mataelevator.com\/wp-content\/uploads\/2024\/09\/yuruyen-merdiven-3611.mp4?_=1\" \/><a href=\"https:\/\/mataelevator.com\/wp-content\/uploads\/2024\/09\/yuruyen-merdiven-3611.mp4\">https:\/\/mataelevator.com\/wp-content\/uploads\/2024\/09\/yuruyen-merdiven-3611.mp4<\/a><\/video><\/div>\n<p>[\/vc_column_text][\/vc_column][\/vc_row][vc_row][vc_column][vc_empty_space][\/vc_column][\/vc_row][vc_row][vc_column width=&#8221;1\/2&#8243;][vc_column_text]<\/p>\n<div class=\"elementor-element elementor-element-49befa5 elementor-widget elementor-widget-heading\" data-id=\"49befa5\" data-element_type=\"widget\" data-widget_type=\"heading.default\">\n<div class=\"elementor-widget-container\">\n<h2 class=\"elementor-heading-title elementor-size-default\" style=\"text-align: justify;\">Y\u00fcr\u00fcyen Bant Y\u00fcr\u00fcyen Yol<\/h2>\n<\/div>\n<\/div>\n<div class=\"elementor-element elementor-element-cc95932 elementor-widget elementor-widget-text-editor\" data-id=\"cc95932\" data-element_type=\"widget\" data-widget_type=\"text-editor.default\">\n<div class=\"elementor-widget-container\">\n<p style=\"text-align: justify;\"><b>Y\u00fcr\u00fcyen Bant Y\u00fcr\u00fcyen Yol<\/b>\u00a0ikini tam anlam\u0131 ile ayn\u0131 \u00f6zellikleri ta\u015f\u0131yan ta\u015f\u0131ma sistemleri aras\u0131nda yer almaktad\u0131r. Y\u00fcr\u00fcyen Bant ve Y\u00fcr\u00fcyen yol birbiri ile ayn\u0131 sistemlerdir. Birlikte isimlendirilmesinin sebebi ise bu sistem i\u00e7in aray\u0131\u015f i\u00e7erisinde olan potansiyel ki\u015filerin arad\u0131klar\u0131na \u00e7ok daha kolay ula\u015fabilmesidir.<\/p>\n<p style=\"text-align: justify;\"><strong>Y\u00fcr\u00fcyen Bant<\/strong>\u00a0ve\u00a0<strong>Y\u00fcr\u00fcyen Yol<\/strong>\u00a0olarak adland\u0131r\u0131lan bu ta\u015f\u0131ma sistemi asl\u0131na bak\u0131l\u0131rsa rampa ve merdiven sistemleri ile birbirine \u00e7ok yak\u0131n \u00f6zellikler ta\u015f\u0131maktad\u0131r. Kullan\u0131ld\u0131\u011f\u0131 ortamdaki ziyaret\u00e7ilerin veya \u00e7al\u0131\u015fanlar\u0131n hayat\u0131n\u0131 kolayla\u015ft\u0131ran ayn\u0131 zamanda bir \u00e7ok ki\u015fiye anl\u0131k olarak hizmet veren ta\u015f\u0131ma sistemi di\u011fer iki sistemden farkl\u0131 olarak belirli bir d\u00fczlem \u00fczerinde \u00e7al\u0131\u015fmaktad\u0131r.<\/p>\n<p>Katlar aras\u0131ndaki yolculuk yerine ayn\u0131 katta belirlenmi\u015f u\u00e7lar aras\u0131ndaki ta\u015f\u0131may\u0131 sa\u011flamaktad\u0131r.<\/p>\n<\/div>\n<\/div>\n<p>[\/vc_column_text][\/vc_column][vc_column width=&#8221;1\/2&#8243;][vc_empty_space][vc_empty_space][vc_column_text]<\/p>\n<div style=\"width: 900px;\" class=\"wp-video\"><video class=\"wp-video-shortcode\" id=\"video-1812-2\" width=\"900\" height=\"506\" preload=\"metadata\" controls=\"controls\"><source type=\"video\/mp4\" src=\"https:\/\/mataelevator.com\/wp-content\/uploads\/2024\/09\/yuruyen-merdiven-3593.mp4?_=2\" \/><a href=\"https:\/\/mataelevator.com\/wp-content\/uploads\/2024\/09\/yuruyen-merdiven-3593.mp4\">https:\/\/mataelevator.com\/wp-content\/uploads\/2024\/09\/yuruyen-merdiven-3593.mp4<\/a><\/video><\/div>\n<p>[\/vc_column_text][\/vc_column][\/vc_row]<\/p>\n<\/section>","protected":false},"excerpt":{"rendered":"<p>[vc_row][vc_column width=&#8221;1\/2&#8243;][vc_column_text] Y\u00dcR\u00dcYEN MERD\u0130VEN S\u0130STEMLER\u0130 Y\u00fcr\u00fcyen merdivenler, elektrik ile \u00e7al\u0131\u015fan, merdiven basamaklar\u0131 devaml\u0131 olarak d\u00f6nen, insanlar\u0131n merdiven \u00e7\u0131kmadan bir \u00fcst kata \u00e7\u0131kmas\u0131n\u0131 ya da bir alt kata inmesini sa\u011flayan bir sistemdir. Y\u00fcr\u00fcyen merdivenler, asans\u00f6rlere g\u00f6re daha fazla insan ta\u015f\u0131yabilirler. En \u00e7ok al\u0131\u015fveri\u015f merkezleri, oteller, i\u015f merkezleri, havaalanlar\u0131, metro ve tren istasyonlar\u0131nda yo\u011fun olarak kullan\u0131l\u0131r. Sat\u0131\u015f\u0131n\u0131 [&hellip;]<\/p>\n","protected":false},"author":1,"featured_media":0,"parent":0,"menu_order":0,"comment_status":"closed","ping_status":"closed","template":"","meta":{"_acf_changed":false,"footnotes":""},"class_list":["post-1812","page","type-page","status-publish","hentry"],"acf":[],"_links":{"self":[{"href":"https:\/\/mataelevator.com\/index.php\/wp-json\/wp\/v2\/pages\/1812","targetHints":{"allow":["GET"]}}],"collection":[{"href":"https:\/\/mataelevator.com\/index.php\/wp-json\/wp\/v2\/pages"}],"about":[{"href":"https:\/\/mataelevator.com\/index.php\/wp-json\/wp\/v2\/types\/page"}],"author":[{"embeddable":true,"href":"https:\/\/mataelevator.com\/index.php\/wp-json\/wp\/v2\/users\/1"}],"replies":[{"embeddable":true,"href":"https:\/\/mataelevator.com\/index.php\/wp-json\/wp\/v2\/comments?post=1812"}],"version-history":[{"count":4,"href":"https:\/\/mataelevator.com\/index.php\/wp-json\/wp\/v2\/pages\/1812\/revisions"}],"predecessor-version":[{"id":1928,"href":"https:\/\/mataelevator.com\/index.php\/wp-json\/wp\/v2\/pages\/1812\/revisions\/1928"}],"wp:attachment":[{"href":"https:\/\/mataelevator.com\/index.php\/wp-json\/wp\/v2\/media?parent=1812"}],"curies":[{"name":"wp","href":"https:\/\/api.w.org\/{rel}","templated":true}]}}