	{"id":1829,"date":"2024-09-24T10:49:12","date_gmt":"2024-09-24T07:49:12","guid":{"rendered":"http:\/\/mataelevator.com\/?page_id=1829"},"modified":"2024-09-24T14:50:18","modified_gmt":"2024-09-24T11:50:18","slug":"dislili-asansor","status":"publish","type":"page","link":"https:\/\/mataelevator.com\/index.php\/dislili-asansor\/","title":{"rendered":"Di\u015flili Asans\u00f6r"},"content":{"rendered":"<section class=\"wpb-content-wrapper\"><p>[vc_row][vc_column width=&#8221;1\/2&#8243;][vc_column_text]<\/p>\n<p style=\"text-align: justify;\">Makine daireli asans\u00f6rler, asans\u00f6r tahrik makinesinin asans\u00f6r kuyusunun \u00fczerinde bulunan bir oda i\u00e7erisine yer ald\u0131\u011f\u0131 asans\u00f6rlerdir.<\/p>\n<p style=\"text-align: justify;\">Asans\u00f6r s\u00fcr\u00fcc\u00fcs\u00fc, asans\u00f6r kuyusunun \u00fcst\u00fcnde in\u015fa edilmi\u015f bir odada yer al\u0131r.<\/p>\n<p style=\"text-align: justify;\">Modern mimari projelerde, estetik a\u00e7\u0131s\u0131ndan tercih edilmez ve yap\u0131n\u0131n ekonomik de\u011ferini art\u0131rmada dezavantajl\u0131d\u0131r. Makine odas\u0131 asans\u00f6rleri, kuyunun \u00fcst\u00fcnde bir makine odas\u0131 kulesi gerektirir. Asans\u00f6rlerde genellikle di\u015fli (asenkron) makine-motor grubu kullan\u0131l\u0131r, ancak di\u015flisiz motorlar da tercih edilir.<\/p>\n<p>[\/vc_column_text][\/vc_column][vc_column width=&#8221;1\/2&#8243;][vc_single_image image=&#8221;1939&#8243; img_size=&#8221;full&#8221; style=&#8221;vc_box_shadow_3d&#8221;][\/vc_column][\/vc_row]<\/p>\n<\/section>","protected":false},"excerpt":{"rendered":"<p>[vc_row][vc_column width=&#8221;1\/2&#8243;][vc_column_text] Makine daireli asans\u00f6rler, asans\u00f6r tahrik makinesinin asans\u00f6r kuyusunun \u00fczerinde bulunan bir oda i\u00e7erisine yer ald\u0131\u011f\u0131 asans\u00f6rlerdir. Asans\u00f6r s\u00fcr\u00fcc\u00fcs\u00fc, asans\u00f6r kuyusunun \u00fcst\u00fcnde in\u015fa edilmi\u015f bir odada yer al\u0131r. Modern mimari projelerde, estetik a\u00e7\u0131s\u0131ndan tercih edilmez ve yap\u0131n\u0131n ekonomik de\u011ferini art\u0131rmada dezavantajl\u0131d\u0131r. Makine odas\u0131 asans\u00f6rleri, kuyunun \u00fcst\u00fcnde bir makine odas\u0131 kulesi gerektirir. Asans\u00f6rlerde genellikle di\u015fli [&hellip;]<\/p>\n","protected":false},"author":1,"featured_media":0,"parent":0,"menu_order":0,"comment_status":"closed","ping_status":"closed","template":"","meta":{"_acf_changed":false,"footnotes":""},"class_list":["post-1829","page","type-page","status-publish","hentry"],"acf":[],"_links":{"self":[{"href":"https:\/\/mataelevator.com\/index.php\/wp-json\/wp\/v2\/pages\/1829","targetHints":{"allow":["GET"]}}],"collection":[{"href":"https:\/\/mataelevator.com\/index.php\/wp-json\/wp\/v2\/pages"}],"about":[{"href":"https:\/\/mataelevator.com\/index.php\/wp-json\/wp\/v2\/types\/page"}],"author":[{"embeddable":true,"href":"https:\/\/mataelevator.com\/index.php\/wp-json\/wp\/v2\/users\/1"}],"replies":[{"embeddable":true,"href":"https:\/\/mataelevator.com\/index.php\/wp-json\/wp\/v2\/comments?post=1829"}],"version-history":[{"count":4,"href":"https:\/\/mataelevator.com\/index.php\/wp-json\/wp\/v2\/pages\/1829\/revisions"}],"predecessor-version":[{"id":1940,"href":"https:\/\/mataelevator.com\/index.php\/wp-json\/wp\/v2\/pages\/1829\/revisions\/1940"}],"wp:attachment":[{"href":"https:\/\/mataelevator.com\/index.php\/wp-json\/wp\/v2\/media?parent=1829"}],"curies":[{"name":"wp","href":"https:\/\/api.w.org\/{rel}","templated":true}]}}