	{"id":1833,"date":"2024-09-24T10:49:39","date_gmt":"2024-09-24T07:49:39","guid":{"rendered":"http:\/\/mataelevator.com\/?page_id=1833"},"modified":"2024-09-24T14:54:54","modified_gmt":"2024-09-24T11:54:54","slug":"hidrolik-asansor","status":"publish","type":"page","link":"https:\/\/mataelevator.com\/index.php\/hidrolik-asansor\/","title":{"rendered":"Hidrolik Asans\u00f6r"},"content":{"rendered":"<section class=\"wpb-content-wrapper\"><p>[vc_row][vc_column width=&#8221;1\/2&#8243;][vc_single_image image=&#8221;1945&#8243; img_size=&#8221;full&#8221; style=&#8221;vc_box_shadow_3d&#8221;][\/vc_column][vc_column width=&#8221;1\/2&#8243;][vc_column_text]<\/p>\n<p style=\"text-align: justify;\">Yap\u0131n\u0131n i\u00e7erisinde makine dairesinin olmad\u0131\u011f\u0131 ve kullan\u0131c\u0131 trafik yo\u011funlu\u011funun az oldu\u011fu konutlarda, fabrikalarda, al\u0131\u015fveri\u015f merkezlerinde ve villalarda hidrolik asans\u00f6rler daha \u00e7ok tercih edilir.<\/p>\n<p style=\"text-align: justify;\">Bu sistemde, asans\u00f6r kuyusu i\u00e7erisinde; asans\u00f6r kabini, ta\u015f\u0131y\u0131c\u0131 karkas, silindir piston sistemi, ask\u0131 tertibat\u0131, tamponlar varsa kar\u015f\u0131 a\u011f\u0131rl\u0131k tertibat\u0131 bulunmaktad\u0131r.<\/p>\n<p style=\"text-align: justify;\">Hidrolik asans\u00f6rler, hidrolik pompa \u00fcnitesi arac\u0131l\u0131\u011f\u0131yla tahrik kabiliyetini sa\u011flayan asans\u00f6r sistemleridir. Hidrolik asans\u00f6rlerde, a\u015fa\u011f\u0131 y\u00f6ne hareketlerde asans\u00f6r kabininin kendi a\u011f\u0131rl\u0131\u011f\u0131 kullan\u0131l\u0131r. Hidrolik asans\u00f6r\u00fcn makine dairesi genellikle zemin katta olacak \u015fekilde projelendirilir. Makine dairesinde, bir ya\u011f kazan\u0131 ve bunun \u00fczerinde hidrolik sistem, kumanda panosu ve hidrolik s\u0131v\u0131s\u0131n\u0131n i\u00e7inden ge\u00e7ti\u011fi hortumlar bulunmaktad\u0131r.<\/p>\n<p style=\"text-align: justify;\">Hidrolik asans\u00f6rler, yolcu ve y\u00fck ta\u015f\u0131mak i\u00e7in uygundur. Hidrolik asans\u00f6rler, 2 ile 6 kat aras\u0131ndaki y\u00fckseklikte 0.125 m\/sn ile 1 m\/sn h\u0131zlar\u0131nda \u00e7al\u0131\u015fabilir. Tek silindirli hidrolik asans\u00f6rler, 1.000 kg ile 10.000 kg kadar a\u011f\u0131rl\u0131\u011f\u0131, \u00c7ift silindirli hidrolik asans\u00f6rler, 10.000 kg ile 90.000 kg kadar a\u011f\u0131rl\u0131\u011f\u0131 ta\u015f\u0131yabilirler.<\/p>\n<p>[\/vc_column_text][\/vc_column][\/vc_row]<\/p>\n<\/section>","protected":false},"excerpt":{"rendered":"<p>[vc_row][vc_column width=&#8221;1\/2&#8243;][vc_single_image image=&#8221;1945&#8243; img_size=&#8221;full&#8221; style=&#8221;vc_box_shadow_3d&#8221;][\/vc_column][vc_column width=&#8221;1\/2&#8243;][vc_column_text] Yap\u0131n\u0131n i\u00e7erisinde makine dairesinin olmad\u0131\u011f\u0131 ve kullan\u0131c\u0131 trafik yo\u011funlu\u011funun az oldu\u011fu konutlarda, fabrikalarda, al\u0131\u015fveri\u015f merkezlerinde ve villalarda hidrolik asans\u00f6rler daha \u00e7ok tercih edilir. Bu sistemde, asans\u00f6r kuyusu i\u00e7erisinde; asans\u00f6r kabini, ta\u015f\u0131y\u0131c\u0131 karkas, silindir piston sistemi, ask\u0131 tertibat\u0131, tamponlar varsa kar\u015f\u0131 a\u011f\u0131rl\u0131k tertibat\u0131 bulunmaktad\u0131r. Hidrolik asans\u00f6rler, hidrolik pompa \u00fcnitesi arac\u0131l\u0131\u011f\u0131yla [&hellip;]<\/p>\n","protected":false},"author":1,"featured_media":0,"parent":0,"menu_order":0,"comment_status":"closed","ping_status":"closed","template":"","meta":{"_acf_changed":false,"footnotes":""},"class_list":["post-1833","page","type-page","status-publish","hentry"],"acf":[],"_links":{"self":[{"href":"https:\/\/mataelevator.com\/index.php\/wp-json\/wp\/v2\/pages\/1833","targetHints":{"allow":["GET"]}}],"collection":[{"href":"https:\/\/mataelevator.com\/index.php\/wp-json\/wp\/v2\/pages"}],"about":[{"href":"https:\/\/mataelevator.com\/index.php\/wp-json\/wp\/v2\/types\/page"}],"author":[{"embeddable":true,"href":"https:\/\/mataelevator.com\/index.php\/wp-json\/wp\/v2\/users\/1"}],"replies":[{"embeddable":true,"href":"https:\/\/mataelevator.com\/index.php\/wp-json\/wp\/v2\/comments?post=1833"}],"version-history":[{"count":3,"href":"https:\/\/mataelevator.com\/index.php\/wp-json\/wp\/v2\/pages\/1833\/revisions"}],"predecessor-version":[{"id":1946,"href":"https:\/\/mataelevator.com\/index.php\/wp-json\/wp\/v2\/pages\/1833\/revisions\/1946"}],"wp:attachment":[{"href":"https:\/\/mataelevator.com\/index.php\/wp-json\/wp\/v2\/media?parent=1833"}],"curies":[{"name":"wp","href":"https:\/\/api.w.org\/{rel}","templated":true}]}}