	{"id":1838,"date":"2024-09-24T11:00:09","date_gmt":"2024-09-24T08:00:09","guid":{"rendered":"http:\/\/mataelevator.com\/?page_id=1838"},"modified":"2024-09-24T15:08:54","modified_gmt":"2024-09-24T12:08:54","slug":"insan-asansoru","status":"publish","type":"page","link":"https:\/\/mataelevator.com\/index.php\/insan-asansoru\/","title":{"rendered":"\u0130nsan Asans\u00f6r\u00fc"},"content":{"rendered":"<section class=\"wpb-content-wrapper\"><p>[vc_row][vc_column width=&#8221;1\/2&#8243;][vc_single_image image=&#8221;1958&#8243; img_size=&#8221;full&#8221; style=&#8221;vc_box_shadow_3d&#8221;][\/vc_column][vc_column width=&#8221;1\/2&#8243;][vc_column_text]<\/p>\n<p style=\"text-align: justify;\">Asans\u00f6r kabini tercihiniz kullanaca\u011f\u0131n\u0131z asans\u00f6r projesindeki ihtiyaca en uygun model olmal\u0131d\u0131r. Kabinlerimiz bir\u00e7ok farkl\u0131 modelde sunulmaktad\u0131r.<\/p>\n<p style=\"text-align: justify;\">Asans\u00f6r kabinlerinde kaliteli malzeme kullan\u0131l\u0131r ve MATA ELEVATOR markas\u0131yla \u00fcretimi yap\u0131lan asans\u00f6r kabinlerinde alternatifli tasar\u0131mlar bulabilirsiniz.<\/p>\n<p style=\"text-align: justify;\">\u0130nsan asans\u00f6r\u00fc kabinleri, y\u00fck asans\u00f6r\u00fc kabinleri, yemek asans\u00f6r\u00fc kabinleri, ara\u00e7 asans\u00f6r\u00fc kabinleri, sedye asans\u00f6r\u00fc kabinleri ve panoramik asans\u00f6r kabinleri \u00fcretiminde i\u015f ortaklar\u0131na m\u00fc\u015fteri memnuniyeti ile en iyi \u00e7\u00f6z\u00fcmleri sunmaktad\u0131r.<\/p>\n<p style=\"text-align: justify;\">Hayat\u0131m\u0131z\u0131n her alan\u0131nda kullanm\u0131\u015f oldu\u011fumuz asans\u00f6rlerin\u00a0kabin imalat\u0131\u00a0profesyonel ekibimiz taraf\u0131ndan yap\u0131lmaktad\u0131r. Kabinlerimiz\u00a0kendi fabrikam\u0131zda \u00fcretilerek yurt i\u00e7i ve yurt d\u0131\u015f\u0131nda bir\u00e7ok yerde kullan\u0131lmaktad\u0131r.<\/p>\n<p>[\/vc_column_text][\/vc_column][\/vc_row]<\/p>\n<\/section>","protected":false},"excerpt":{"rendered":"<p>[vc_row][vc_column width=&#8221;1\/2&#8243;][vc_single_image image=&#8221;1958&#8243; img_size=&#8221;full&#8221; style=&#8221;vc_box_shadow_3d&#8221;][\/vc_column][vc_column width=&#8221;1\/2&#8243;][vc_column_text] Asans\u00f6r kabini tercihiniz kullanaca\u011f\u0131n\u0131z asans\u00f6r projesindeki ihtiyaca en uygun model olmal\u0131d\u0131r. Kabinlerimiz bir\u00e7ok farkl\u0131 modelde sunulmaktad\u0131r. Asans\u00f6r kabinlerinde kaliteli malzeme kullan\u0131l\u0131r ve MATA ELEVATOR markas\u0131yla \u00fcretimi yap\u0131lan asans\u00f6r kabinlerinde alternatifli tasar\u0131mlar bulabilirsiniz. \u0130nsan asans\u00f6r\u00fc kabinleri, y\u00fck asans\u00f6r\u00fc kabinleri, yemek asans\u00f6r\u00fc kabinleri, ara\u00e7 asans\u00f6r\u00fc kabinleri, sedye asans\u00f6r\u00fc kabinleri ve panoramik [&hellip;]<\/p>\n","protected":false},"author":1,"featured_media":0,"parent":0,"menu_order":0,"comment_status":"closed","ping_status":"closed","template":"","meta":{"_acf_changed":false,"footnotes":""},"class_list":["post-1838","page","type-page","status-publish","hentry"],"acf":[],"_links":{"self":[{"href":"https:\/\/mataelevator.com\/index.php\/wp-json\/wp\/v2\/pages\/1838","targetHints":{"allow":["GET"]}}],"collection":[{"href":"https:\/\/mataelevator.com\/index.php\/wp-json\/wp\/v2\/pages"}],"about":[{"href":"https:\/\/mataelevator.com\/index.php\/wp-json\/wp\/v2\/types\/page"}],"author":[{"embeddable":true,"href":"https:\/\/mataelevator.com\/index.php\/wp-json\/wp\/v2\/users\/1"}],"replies":[{"embeddable":true,"href":"https:\/\/mataelevator.com\/index.php\/wp-json\/wp\/v2\/comments?post=1838"}],"version-history":[{"count":3,"href":"https:\/\/mataelevator.com\/index.php\/wp-json\/wp\/v2\/pages\/1838\/revisions"}],"predecessor-version":[{"id":1959,"href":"https:\/\/mataelevator.com\/index.php\/wp-json\/wp\/v2\/pages\/1838\/revisions\/1959"}],"wp:attachment":[{"href":"https:\/\/mataelevator.com\/index.php\/wp-json\/wp\/v2\/media?parent=1838"}],"curies":[{"name":"wp","href":"https:\/\/api.w.org\/{rel}","templated":true}]}}