	{"id":1840,"date":"2024-09-24T11:00:24","date_gmt":"2024-09-24T08:00:24","guid":{"rendered":"http:\/\/mataelevator.com\/?page_id=1840"},"modified":"2024-09-24T15:00:03","modified_gmt":"2024-09-24T12:00:03","slug":"yuk-asansoru","status":"publish","type":"page","link":"https:\/\/mataelevator.com\/index.php\/yuk-asansoru\/","title":{"rendered":"Y\u00fck Asans\u00f6r\u00fc"},"content":{"rendered":"<section class=\"wpb-content-wrapper\"><p>[vc_row][vc_column width=&#8221;1\/2&#8243;][vc_single_image image=&#8221;1948&#8243; img_size=&#8221;full&#8221; style=&#8221;vc_box_shadow_3d&#8221;][\/vc_column][vc_column width=&#8221;1\/2&#8243;][vc_column_text]<\/p>\n<p style=\"text-align: justify;\">Y\u00fck ta\u015f\u0131ma ama\u00e7l\u0131 \u00fcretilmi\u015f asans\u00f6rlerdir. \u0130nsan asans\u00f6rlerine g\u00f6re konfor ve h\u0131z aranmayabilir.<br \/>\nDepo, al\u0131\u015fveri\u015f merkezleri, fabrikalar gibi, y\u00fck ta\u015f\u0131ma i\u015flerinin yo\u011fun oldu\u011fu yerlerde kullan\u0131lmak \u00fczere, 630 Kg, 1000 Kg, 1600 Kg, 2000 Kg veya 2000 Kg dan daha fazlas\u0131n\u0131 ta\u015f\u0131yabilecek kapasitede tasarlan\u0131r. 1\/1 ile 1\/2 \u00f6zel tahrik d\u00fczeni ile redakt\u00f6rl\u00fc veya hidroliktir.<\/p>\n<p style=\"text-align: justify;\">Y\u00fck asans\u00f6rlerinde, en a\u011f\u0131r ko\u015fullarda kullan\u0131m sa\u011flanmaktad\u0131r. Yine insan asans\u00f6rleri de oldu\u011fu gibi, y\u00fck asans\u00f6rlerinde de opsiyonel \u00f6zellikler se\u00e7ilir. Seyir mesafesinin \u00e7ok olmad\u0131\u011f\u0131 orta y\u00fckseklikte binalarda hidrolik \u00e7\u00f6z\u00fcmlerimiz ile hem konforlu bir seyir ya\u015fayabilir hem de i\u015fletme maliyeti a\u00e7\u0131s\u0131ndan olduk\u00e7a \u00f6nemli bir tasarruf sa\u011flayabilirsiniz.<\/p>\n<p style=\"text-align: justify;\">Y\u00fck asans\u00f6r\u00fc kap\u0131lar\u0131 ve kabin boyutlar\u0131 (kuyu boyutlar\u0131n\u0131n uygun olmas\u0131 ko\u015fuluyla) istenilen y\u00fckseklikte ve geni\u015flikte yap\u0131l\u0131p, kap\u0131lar tam otomatik veya yar\u0131 otomatik olarak \u00fcretilmektedir.<\/p>\n<p>[\/vc_column_text][\/vc_column][\/vc_row]<\/p>\n<\/section>","protected":false},"excerpt":{"rendered":"<p>[vc_row][vc_column width=&#8221;1\/2&#8243;][vc_single_image image=&#8221;1948&#8243; img_size=&#8221;full&#8221; style=&#8221;vc_box_shadow_3d&#8221;][\/vc_column][vc_column width=&#8221;1\/2&#8243;][vc_column_text] Y\u00fck ta\u015f\u0131ma ama\u00e7l\u0131 \u00fcretilmi\u015f asans\u00f6rlerdir. \u0130nsan asans\u00f6rlerine g\u00f6re konfor ve h\u0131z aranmayabilir. Depo, al\u0131\u015fveri\u015f merkezleri, fabrikalar gibi, y\u00fck ta\u015f\u0131ma i\u015flerinin yo\u011fun oldu\u011fu yerlerde kullan\u0131lmak \u00fczere, 630 Kg, 1000 Kg, 1600 Kg, 2000 Kg veya 2000 Kg dan daha fazlas\u0131n\u0131 ta\u015f\u0131yabilecek kapasitede tasarlan\u0131r. 1\/1 ile 1\/2 \u00f6zel tahrik d\u00fczeni ile [&hellip;]<\/p>\n","protected":false},"author":1,"featured_media":0,"parent":0,"menu_order":0,"comment_status":"closed","ping_status":"closed","template":"","meta":{"_acf_changed":false,"footnotes":""},"class_list":["post-1840","page","type-page","status-publish","hentry"],"acf":[],"_links":{"self":[{"href":"https:\/\/mataelevator.com\/index.php\/wp-json\/wp\/v2\/pages\/1840","targetHints":{"allow":["GET"]}}],"collection":[{"href":"https:\/\/mataelevator.com\/index.php\/wp-json\/wp\/v2\/pages"}],"about":[{"href":"https:\/\/mataelevator.com\/index.php\/wp-json\/wp\/v2\/types\/page"}],"author":[{"embeddable":true,"href":"https:\/\/mataelevator.com\/index.php\/wp-json\/wp\/v2\/users\/1"}],"replies":[{"embeddable":true,"href":"https:\/\/mataelevator.com\/index.php\/wp-json\/wp\/v2\/comments?post=1840"}],"version-history":[{"count":3,"href":"https:\/\/mataelevator.com\/index.php\/wp-json\/wp\/v2\/pages\/1840\/revisions"}],"predecessor-version":[{"id":1947,"href":"https:\/\/mataelevator.com\/index.php\/wp-json\/wp\/v2\/pages\/1840\/revisions\/1947"}],"wp:attachment":[{"href":"https:\/\/mataelevator.com\/index.php\/wp-json\/wp\/v2\/media?parent=1840"}],"curies":[{"name":"wp","href":"https:\/\/api.w.org\/{rel}","templated":true}]}}