	{"id":1842,"date":"2024-09-24T11:00:39","date_gmt":"2024-09-24T08:00:39","guid":{"rendered":"http:\/\/mataelevator.com\/?page_id=1842"},"modified":"2024-09-24T15:02:55","modified_gmt":"2024-09-24T12:02:55","slug":"arac-asansoru","status":"publish","type":"page","link":"https:\/\/mataelevator.com\/index.php\/arac-asansoru\/","title":{"rendered":"Ara\u00e7 Asans\u00f6r\u00fc"},"content":{"rendered":"<section class=\"wpb-content-wrapper\"><p>[vc_row][vc_column width=&#8221;1\/2&#8243;][vc_single_image image=&#8221;1951&#8243; img_size=&#8221;full&#8221; style=&#8221;vc_box_shadow_3d&#8221;][\/vc_column][vc_column width=&#8221;1\/2&#8243;][vc_column_text]<\/p>\n<p style=\"text-align: justify;\">Ara\u00e7 asans\u00f6rlerimiz otoparklarda, konutlarda ve i\u015fletmelerde katlar aras\u0131 ara\u00e7lar\u0131n dikey y\u00f6nde kald\u0131r\u0131l\u0131p indirilmesini sa\u011flayarak \u00e7ok say\u0131da arac\u0131n park\u0131na imkan sunmaktad\u0131r. Ayr\u0131ca ara\u00e7lar\u0131n kolay bir \u015fekilde istiflenmesine de yard\u0131mc\u0131 olan bir teknolojidir. Bu y\u00fczden otoparklar, \u00e7ok katl\u0131 oto galeriler, otomotiv firmalar\u0131 ve ara\u00e7 servisleri taraf\u0131ndan \u00e7ok s\u0131k kullan\u0131lan asans\u00f6r tipimizdir. Lojistik sekt\u00f6r\u00fcn\u00fcn de vazge\u00e7ilmez teknolojilerindendir.<\/p>\n<p style=\"text-align: justify;\">G\u00fcn\u00fcm\u00fczde teknolojik yenilikler ile her alana uygun daha y\u00fcksek ta\u015f\u0131ma kapasitesine sahip asans\u00f6rler \u00fcretilebilmektedir. Otoparklar i\u00e7in 3.000 kg\u2019dan 10.000 kg\u2019a kadar ta\u015f\u0131ma kapasiteli ara\u00e7 asans\u00f6rleri imal edilebilmektedir. Ak\u0131ll\u0131 kontrol sistemlerindeki yenilikler ile de ara\u00e7 asans\u00f6rlerinin kullan\u0131m\u0131 daha yayg\u0131n hale gelmeye ba\u015flad\u0131.<\/p>\n<p style=\"text-align: justify;\">Ara\u00e7 asans\u00f6rlerinin ve platformlar\u0131n\u0131n tasar\u0131m\u0131 yap\u0131n\u0131n konumuna, otopark i\u00e7in uygun bir alan olup olmamas\u0131na, ta\u015f\u0131ma kapasitesine, asans\u00f6r\u00fcn seyir mesafesine ve ihtiya\u00e7 duyulan asans\u00f6r ekipmanlar\u0131na g\u00f6re yap\u0131l\u0131r. Tasar\u0131m\u0131n\u0131 birden fazla etkileyen \u00f6zellikler oldu\u011fundan ara\u00e7 asans\u00f6r\u00fc \u00fcretiminde iyi bir asans\u00f6r firmas\u0131ndan hizmet al\u0131nmal\u0131d\u0131r.<\/p>\n<p>[\/vc_column_text][\/vc_column][\/vc_row]<\/p>\n<\/section>","protected":false},"excerpt":{"rendered":"<p>[vc_row][vc_column width=&#8221;1\/2&#8243;][vc_single_image image=&#8221;1951&#8243; img_size=&#8221;full&#8221; style=&#8221;vc_box_shadow_3d&#8221;][\/vc_column][vc_column width=&#8221;1\/2&#8243;][vc_column_text] Ara\u00e7 asans\u00f6rlerimiz otoparklarda, konutlarda ve i\u015fletmelerde katlar aras\u0131 ara\u00e7lar\u0131n dikey y\u00f6nde kald\u0131r\u0131l\u0131p indirilmesini sa\u011flayarak \u00e7ok say\u0131da arac\u0131n park\u0131na imkan sunmaktad\u0131r. Ayr\u0131ca ara\u00e7lar\u0131n kolay bir \u015fekilde istiflenmesine de yard\u0131mc\u0131 olan bir teknolojidir. Bu y\u00fczden otoparklar, \u00e7ok katl\u0131 oto galeriler, otomotiv firmalar\u0131 ve ara\u00e7 servisleri taraf\u0131ndan \u00e7ok s\u0131k kullan\u0131lan asans\u00f6r tipimizdir. [&hellip;]<\/p>\n","protected":false},"author":1,"featured_media":0,"parent":0,"menu_order":0,"comment_status":"closed","ping_status":"closed","template":"","meta":{"_acf_changed":false,"footnotes":""},"class_list":["post-1842","page","type-page","status-publish","hentry"],"acf":[],"_links":{"self":[{"href":"https:\/\/mataelevator.com\/index.php\/wp-json\/wp\/v2\/pages\/1842","targetHints":{"allow":["GET"]}}],"collection":[{"href":"https:\/\/mataelevator.com\/index.php\/wp-json\/wp\/v2\/pages"}],"about":[{"href":"https:\/\/mataelevator.com\/index.php\/wp-json\/wp\/v2\/types\/page"}],"author":[{"embeddable":true,"href":"https:\/\/mataelevator.com\/index.php\/wp-json\/wp\/v2\/users\/1"}],"replies":[{"embeddable":true,"href":"https:\/\/mataelevator.com\/index.php\/wp-json\/wp\/v2\/comments?post=1842"}],"version-history":[{"count":3,"href":"https:\/\/mataelevator.com\/index.php\/wp-json\/wp\/v2\/pages\/1842\/revisions"}],"predecessor-version":[{"id":1950,"href":"https:\/\/mataelevator.com\/index.php\/wp-json\/wp\/v2\/pages\/1842\/revisions\/1950"}],"wp:attachment":[{"href":"https:\/\/mataelevator.com\/index.php\/wp-json\/wp\/v2\/media?parent=1842"}],"curies":[{"name":"wp","href":"https:\/\/api.w.org\/{rel}","templated":true}]}}