	{"id":1844,"date":"2024-09-24T11:00:52","date_gmt":"2024-09-24T08:00:52","guid":{"rendered":"http:\/\/mataelevator.com\/?page_id=1844"},"modified":"2024-09-24T15:05:13","modified_gmt":"2024-09-24T12:05:13","slug":"villa-asansoru","status":"publish","type":"page","link":"https:\/\/mataelevator.com\/index.php\/villa-asansoru\/","title":{"rendered":"Villa Asans\u00f6r\u00fc"},"content":{"rendered":"<section class=\"wpb-content-wrapper\"><p>[vc_row][vc_column width=&#8221;1\/2&#8243;][vc_single_image image=&#8221;1953&#8243; img_size=&#8221;full&#8221; style=&#8221;vc_box_shadow_3d&#8221;][\/vc_column][vc_column width=&#8221;1\/2&#8243;][vc_column_text]<\/p>\n<p style=\"text-align: justify;\">Dubleks ve tripleks villa tipi yap\u0131larda uygulanmak \u00fczere \u00f6zel olarak tasarlanm\u0131\u015f, d\u00fc\u015f\u00fck h\u0131zl\u0131 asans\u00f6rlerdir. Bu asans\u00f6rlerin en \u00f6nemli \u00f6zelli\u011fi projelendirme a\u015famas\u0131nda gerek duyulmam\u0131\u015f ve in\u015faat\u0131 tamamlanmam\u0131\u015f yap\u0131larda da \u00e7\u00f6z\u00fcm olana\u011f\u0131 m\u00fcmk\u00fcnd\u00fcr. Tekerlekli sandalye kullanan \u015fah\u0131slar\u0131n ta\u015f\u0131nmas\u0131 maksimum 9 m olup ta\u015f\u0131ma kapasiteleri 300 kg\u2019a kadard\u0131r. Ancak opsiyonel olarak \u00fcretim de m\u00fcmk\u00fcnd\u00fcr.<\/p>\n<p><b>Teknik \u00d6zellikler<\/b><\/p>\n<ul>\n<li>Uluslararas\u0131 standartlara uygun malzeme ve imalat<\/li>\n<li>Destekli i\u00e7ten binme panel sistemi<\/li>\n<li>Ses ve titre\u015fimi \u00f6nleyen artt\u0131r\u0131lm\u0131\u015f lastik takoz sistemi<\/li>\n<li>Havaland\u0131rma \u00f6zelli\u011fine sahip tavan kapak yan panelleri<\/li>\n<li>Tavan \u00fcst\u00fc a\u00e7\u0131labilen mente\u015feli kapak sistemi<\/li>\n<li>Tavan \u00fcst\u00fc korkuluk<\/li>\n<li>Montaj kolayl\u0131\u011f\u0131 sa\u011flayan ge\u00e7me panel k\u00f6\u015fe b\u00fck\u00fcmleri<\/li>\n<li>Estetik sa\u011flam ve g\u00fcvenli<\/li>\n<li>M\u00fckemmel hareket ve \u00e7al\u0131\u015fma<\/li>\n<li>Kolay montaj ve bak\u0131m<\/li>\n<li>Haz\u0131r kuyu tesisat\u0131<\/li>\n<li>K\u0131sa teslim s\u00fcresi<\/li>\n<li>Ekonomik, g\u00fcvenilir<\/li>\n<\/ul>\n<p>[\/vc_column_text][\/vc_column][\/vc_row]<\/p>\n<\/section>","protected":false},"excerpt":{"rendered":"<p>[vc_row][vc_column width=&#8221;1\/2&#8243;][vc_single_image image=&#8221;1953&#8243; img_size=&#8221;full&#8221; style=&#8221;vc_box_shadow_3d&#8221;][\/vc_column][vc_column width=&#8221;1\/2&#8243;][vc_column_text] Dubleks ve tripleks villa tipi yap\u0131larda uygulanmak \u00fczere \u00f6zel olarak tasarlanm\u0131\u015f, d\u00fc\u015f\u00fck h\u0131zl\u0131 asans\u00f6rlerdir. Bu asans\u00f6rlerin en \u00f6nemli \u00f6zelli\u011fi projelendirme a\u015famas\u0131nda gerek duyulmam\u0131\u015f ve in\u015faat\u0131 tamamlanmam\u0131\u015f yap\u0131larda da \u00e7\u00f6z\u00fcm olana\u011f\u0131 m\u00fcmk\u00fcnd\u00fcr. Tekerlekli sandalye kullanan \u015fah\u0131slar\u0131n ta\u015f\u0131nmas\u0131 maksimum 9 m olup ta\u015f\u0131ma kapasiteleri 300 kg\u2019a kadard\u0131r. Ancak opsiyonel olarak \u00fcretim [&hellip;]<\/p>\n","protected":false},"author":1,"featured_media":0,"parent":0,"menu_order":0,"comment_status":"closed","ping_status":"closed","template":"","meta":{"_acf_changed":false,"footnotes":""},"class_list":["post-1844","page","type-page","status-publish","hentry"],"acf":[],"_links":{"self":[{"href":"https:\/\/mataelevator.com\/index.php\/wp-json\/wp\/v2\/pages\/1844","targetHints":{"allow":["GET"]}}],"collection":[{"href":"https:\/\/mataelevator.com\/index.php\/wp-json\/wp\/v2\/pages"}],"about":[{"href":"https:\/\/mataelevator.com\/index.php\/wp-json\/wp\/v2\/types\/page"}],"author":[{"embeddable":true,"href":"https:\/\/mataelevator.com\/index.php\/wp-json\/wp\/v2\/users\/1"}],"replies":[{"embeddable":true,"href":"https:\/\/mataelevator.com\/index.php\/wp-json\/wp\/v2\/comments?post=1844"}],"version-history":[{"count":3,"href":"https:\/\/mataelevator.com\/index.php\/wp-json\/wp\/v2\/pages\/1844\/revisions"}],"predecessor-version":[{"id":1955,"href":"https:\/\/mataelevator.com\/index.php\/wp-json\/wp\/v2\/pages\/1844\/revisions\/1955"}],"wp:attachment":[{"href":"https:\/\/mataelevator.com\/index.php\/wp-json\/wp\/v2\/media?parent=1844"}],"curies":[{"name":"wp","href":"https:\/\/api.w.org\/{rel}","templated":true}]}}