	{"id":1846,"date":"2024-09-24T11:01:05","date_gmt":"2024-09-24T08:01:05","guid":{"rendered":"http:\/\/mataelevator.com\/?page_id=1846"},"modified":"2024-09-24T15:19:34","modified_gmt":"2024-09-24T12:19:34","slug":"panoramik-asansor","status":"publish","type":"page","link":"https:\/\/mataelevator.com\/index.php\/panoramik-asansor\/","title":{"rendered":"Panoramik Asans\u00f6r"},"content":{"rendered":"<section class=\"wpb-content-wrapper\"><p>[vc_row][vc_column width=&#8221;1\/2&#8243;][vc_column_text]<\/p>\n<p style=\"text-align: justify;\">Panoramik asans\u00f6rleri, di\u011fer asans\u00f6r modellerinden ay\u0131ran en belirgin \u00f6zelli\u011fi bir veya bir ka\u00e7 duvar\u0131n\u0131n cam olarak \u00fcretilmesidir.<\/p>\n<p style=\"text-align: justify;\">Bu sayede g\u00f6rsel bir keyif sunar. Bu camlar, panoramik asans\u00f6r kullan\u0131c\u0131lar\u0131n\u0131n g\u00fcvenli\u011fini koruyacak \u015fekilde k\u0131r\u0131lmaz ya da k\u0131r\u0131ld\u0131\u011f\u0131 zaman da\u011f\u0131lmaz \u00f6zellikte olmal\u0131d\u0131r.<\/p>\n<p style=\"text-align: justify;\">Genellikle panoramik asans\u00f6rler, i\u015f merkezleri, al\u0131\u015fveri\u015f merkezleri, e\u011flence merkezleri, oteller, restoranlar, b\u00fcy\u00fck metro ve tren garlar\u0131nda daha \u00e7ok tercih edilir.<\/p>\n<p style=\"text-align: justify;\">4 ki\u015fiden 21 ki\u015fiye kadar \u00e7e\u015fitli ta\u015f\u0131ma kapasiteleri bulunmaktad\u0131r.<\/p>\n<p style=\"text-align: justify;\">Panoramik asans\u00f6r\u00fcn etraf\u0131 cam olmas\u0131 nedeniyle kullan\u0131c\u0131lar\u0131na keyifli bir seyir sa\u011flar. Asans\u00f6r\u00fc kullanan ki\u015fi yada ki\u015filerin seyir halindeyken kabin d\u0131\u015f\u0131n\u0131 g\u00f6rebilir olmas\u0131, kapal\u0131 asans\u00f6rlere g\u00f6re \u00e7ok daha rahatlat\u0131c\u0131 ve asans\u00f6r korkusu olanlar i\u00e7in huzur vericidir.<\/p>\n<p style=\"text-align: justify;\">Panoramik asans\u00f6rlerin di\u011fer bir \u00f6zelli\u011fi ise, bina i\u00e7ine montaj\u0131 oldu\u011fu gibi, bina d\u0131\u015f\u0131na da montaj\u0131 yap\u0131labilir. Bu nedenle yap\u0131 i\u00e7erisinde kullan\u0131m alan\u0131 avantaj\u0131 sa\u011flar.<\/p>\n<p>[\/vc_column_text][\/vc_column][vc_column width=&#8221;1\/2&#8243;][vc_single_image image=&#8221;1969&#8243; img_size=&#8221;full&#8221; style=&#8221;vc_box_shadow_3d&#8221;][\/vc_column][\/vc_row]<\/p>\n<\/section>","protected":false},"excerpt":{"rendered":"<p>[vc_row][vc_column width=&#8221;1\/2&#8243;][vc_column_text] Panoramik asans\u00f6rleri, di\u011fer asans\u00f6r modellerinden ay\u0131ran en belirgin \u00f6zelli\u011fi bir veya bir ka\u00e7 duvar\u0131n\u0131n cam olarak \u00fcretilmesidir. Bu sayede g\u00f6rsel bir keyif sunar. Bu camlar, panoramik asans\u00f6r kullan\u0131c\u0131lar\u0131n\u0131n g\u00fcvenli\u011fini koruyacak \u015fekilde k\u0131r\u0131lmaz ya da k\u0131r\u0131ld\u0131\u011f\u0131 zaman da\u011f\u0131lmaz \u00f6zellikte olmal\u0131d\u0131r. Genellikle panoramik asans\u00f6rler, i\u015f merkezleri, al\u0131\u015fveri\u015f merkezleri, e\u011flence merkezleri, oteller, restoranlar, b\u00fcy\u00fck metro ve [&hellip;]<\/p>\n","protected":false},"author":1,"featured_media":0,"parent":0,"menu_order":0,"comment_status":"closed","ping_status":"closed","template":"","meta":{"_acf_changed":false,"footnotes":""},"class_list":["post-1846","page","type-page","status-publish","hentry"],"acf":[],"_links":{"self":[{"href":"https:\/\/mataelevator.com\/index.php\/wp-json\/wp\/v2\/pages\/1846","targetHints":{"allow":["GET"]}}],"collection":[{"href":"https:\/\/mataelevator.com\/index.php\/wp-json\/wp\/v2\/pages"}],"about":[{"href":"https:\/\/mataelevator.com\/index.php\/wp-json\/wp\/v2\/types\/page"}],"author":[{"embeddable":true,"href":"https:\/\/mataelevator.com\/index.php\/wp-json\/wp\/v2\/users\/1"}],"replies":[{"embeddable":true,"href":"https:\/\/mataelevator.com\/index.php\/wp-json\/wp\/v2\/comments?post=1846"}],"version-history":[{"count":3,"href":"https:\/\/mataelevator.com\/index.php\/wp-json\/wp\/v2\/pages\/1846\/revisions"}],"predecessor-version":[{"id":1971,"href":"https:\/\/mataelevator.com\/index.php\/wp-json\/wp\/v2\/pages\/1846\/revisions\/1971"}],"wp:attachment":[{"href":"https:\/\/mataelevator.com\/index.php\/wp-json\/wp\/v2\/media?parent=1846"}],"curies":[{"name":"wp","href":"https:\/\/api.w.org\/{rel}","templated":true}]}}