	{"id":1848,"date":"2024-09-24T11:01:18","date_gmt":"2024-09-24T08:01:18","guid":{"rendered":"http:\/\/mataelevator.com\/?page_id=1848"},"modified":"2024-09-24T15:10:33","modified_gmt":"2024-09-24T12:10:33","slug":"sedye-asansoru","status":"publish","type":"page","link":"https:\/\/mataelevator.com\/index.php\/sedye-asansoru\/","title":{"rendered":"Sedye Asans\u00f6r\u00fc"},"content":{"rendered":"<section class=\"wpb-content-wrapper\"><p>[vc_row][vc_column width=&#8221;1\/2&#8243;][vc_single_image image=&#8221;1960&#8243; img_size=&#8221;full&#8221; style=&#8221;vc_box_shadow_3d&#8221;][\/vc_column][vc_column width=&#8221;1\/2&#8243;][vc_column_text]<\/p>\n<p style=\"text-align: justify;\">Kullan\u0131m alanlar\u0131 genellikle hastaneler, sa\u011fl\u0131k merkezleri, sa\u011fl\u0131k ocaklar\u0131 ve bak\u0131m evleri gibi yap\u0131lard\u0131r.<\/p>\n<p style=\"text-align: justify;\">Sedye asans\u00f6r\u00fcn\u00fcn boyutu, en az 1 sedye ile 1 refakat\u00e7i ta\u015f\u0131yabilecek standartta olmal\u0131d\u0131r. Sedye asans\u00f6r kabinleri, sa\u011fl\u0131k a\u00e7\u0131s\u0131ndan hijyen kurallar\u0131na uygun olmal\u0131 ve anti bakteriyel \u00f6nlemler al\u0131nmal\u0131d\u0131r. Hasta asans\u00f6r\u00fc olarak da bilinen sedye asans\u00f6rlerinin, i\u00e7 dekorasyonu paslanmaz olarak tasarlan\u0131r ve \u0131\u015f\u0131k seviyesi hastay\u0131 rahats\u0131z etmeyecek d\u00fczeyde olmal\u0131d\u0131r. Sedye asans\u00f6r kabin butonlar\u0131 di\u011fer asans\u00f6rlere oranla daha a\u015fa\u011f\u0131dad\u0131r ve kap\u0131larda normalden daha geni\u015ftir. Elektrik kesintilerine kar\u015f\u0131 gerekli \u00f6nlemler al\u0131nm\u0131\u015f olmal\u0131d\u0131r.<\/p>\n<p style=\"text-align: justify;\">\u00d6nemli!\u00a0Sedye asans\u00f6r\u00fcn\u00fcz\u00fc mutlaka, yetkili asans\u00f6r bak\u0131m firmalar\u0131 taraf\u0131ndan periyodik ve genel asans\u00f6r bak\u0131m\u0131 yapt\u0131r\u0131lmal\u0131d\u0131r.<\/p>\n<p>[\/vc_column_text][\/vc_column][\/vc_row]<\/p>\n<\/section>","protected":false},"excerpt":{"rendered":"<p>[vc_row][vc_column width=&#8221;1\/2&#8243;][vc_single_image image=&#8221;1960&#8243; img_size=&#8221;full&#8221; style=&#8221;vc_box_shadow_3d&#8221;][\/vc_column][vc_column width=&#8221;1\/2&#8243;][vc_column_text] Kullan\u0131m alanlar\u0131 genellikle hastaneler, sa\u011fl\u0131k merkezleri, sa\u011fl\u0131k ocaklar\u0131 ve bak\u0131m evleri gibi yap\u0131lard\u0131r. Sedye asans\u00f6r\u00fcn\u00fcn boyutu, en az 1 sedye ile 1 refakat\u00e7i ta\u015f\u0131yabilecek standartta olmal\u0131d\u0131r. Sedye asans\u00f6r kabinleri, sa\u011fl\u0131k a\u00e7\u0131s\u0131ndan hijyen kurallar\u0131na uygun olmal\u0131 ve anti bakteriyel \u00f6nlemler al\u0131nmal\u0131d\u0131r. Hasta asans\u00f6r\u00fc olarak da bilinen sedye asans\u00f6rlerinin, i\u00e7 dekorasyonu [&hellip;]<\/p>\n","protected":false},"author":1,"featured_media":0,"parent":0,"menu_order":0,"comment_status":"closed","ping_status":"closed","template":"","meta":{"_acf_changed":false,"footnotes":""},"class_list":["post-1848","page","type-page","status-publish","hentry"],"acf":[],"_links":{"self":[{"href":"https:\/\/mataelevator.com\/index.php\/wp-json\/wp\/v2\/pages\/1848","targetHints":{"allow":["GET"]}}],"collection":[{"href":"https:\/\/mataelevator.com\/index.php\/wp-json\/wp\/v2\/pages"}],"about":[{"href":"https:\/\/mataelevator.com\/index.php\/wp-json\/wp\/v2\/types\/page"}],"author":[{"embeddable":true,"href":"https:\/\/mataelevator.com\/index.php\/wp-json\/wp\/v2\/users\/1"}],"replies":[{"embeddable":true,"href":"https:\/\/mataelevator.com\/index.php\/wp-json\/wp\/v2\/comments?post=1848"}],"version-history":[{"count":3,"href":"https:\/\/mataelevator.com\/index.php\/wp-json\/wp\/v2\/pages\/1848\/revisions"}],"predecessor-version":[{"id":1962,"href":"https:\/\/mataelevator.com\/index.php\/wp-json\/wp\/v2\/pages\/1848\/revisions\/1962"}],"wp:attachment":[{"href":"https:\/\/mataelevator.com\/index.php\/wp-json\/wp\/v2\/media?parent=1848"}],"curies":[{"name":"wp","href":"https:\/\/api.w.org\/{rel}","templated":true}]}}