	{"id":1850,"date":"2024-09-24T11:01:43","date_gmt":"2024-09-24T08:01:43","guid":{"rendered":"http:\/\/mataelevator.com\/?page_id=1850"},"modified":"2024-09-24T15:12:41","modified_gmt":"2024-09-24T12:12:41","slug":"engelli-asansoru","status":"publish","type":"page","link":"https:\/\/mataelevator.com\/index.php\/engelli-asansoru\/","title":{"rendered":"Engelli Asans\u00f6r\u00fc"},"content":{"rendered":"<section class=\"wpb-content-wrapper\"><p>[vc_row][vc_column width=&#8221;1\/2&#8243;][vc_column_text]ENGELL\u0130 ASANS\u00d6R\u00dc ve PLATFORM<\/p>\n<p style=\"text-align: justify;\">Engelli asans\u00f6rleri ev modeli, merdiven modeli ve platform modeli olmak \u00fczere \u00fc\u00e7 farkl\u0131 \u015fekilde tasarlanmaktad\u0131r. G\u00fcn\u00fcm\u00fczde engelli asans\u00f6rlerinden bebek arabas\u0131 olan ki\u015filer, hamile kad\u0131nlar, y\u00fcr\u00fcmekte zorlananlar ve hamile kad\u0131nlarda faydalanmaktad\u0131r. Bu asans\u00f6rleri kullanan ki\u015filerin say\u0131s\u0131 artt\u0131k\u00e7a tasar\u0131mlar daha da verimli hale gelmektedir.<\/p>\n<p style=\"text-align: justify;\">Engelleri asans\u00f6rlerimiz hem i\u00e7 hem de d\u0131\u015f mekanlar i\u00e7in tasarlanmaktad\u0131r ve \u00fcretilmektedir. Kullan\u0131m yerleri genelde kamu kurumlar\u0131, konutlar, m\u00fcstakil evler, villalar, bak\u0131m evleri ve i\u015f yerleridir.<\/p>\n<p>[\/vc_column_text][\/vc_column][vc_column width=&#8221;1\/2&#8243;][vc_single_image image=&#8221;1964&#8243; img_size=&#8221;full&#8221; style=&#8221;vc_box_shadow_3d&#8221;][\/vc_column][\/vc_row]<\/p>\n<\/section>","protected":false},"excerpt":{"rendered":"<p>[vc_row][vc_column width=&#8221;1\/2&#8243;][vc_column_text]ENGELL\u0130 ASANS\u00d6R\u00dc ve PLATFORM Engelli asans\u00f6rleri ev modeli, merdiven modeli ve platform modeli olmak \u00fczere \u00fc\u00e7 farkl\u0131 \u015fekilde tasarlanmaktad\u0131r. G\u00fcn\u00fcm\u00fczde engelli asans\u00f6rlerinden bebek arabas\u0131 olan ki\u015filer, hamile kad\u0131nlar, y\u00fcr\u00fcmekte zorlananlar ve hamile kad\u0131nlarda faydalanmaktad\u0131r. Bu asans\u00f6rleri kullanan ki\u015filerin say\u0131s\u0131 artt\u0131k\u00e7a tasar\u0131mlar daha da verimli hale gelmektedir. Engelleri asans\u00f6rlerimiz hem i\u00e7 hem de d\u0131\u015f mekanlar [&hellip;]<\/p>\n","protected":false},"author":1,"featured_media":0,"parent":0,"menu_order":0,"comment_status":"closed","ping_status":"closed","template":"","meta":{"_acf_changed":false,"footnotes":""},"class_list":["post-1850","page","type-page","status-publish","hentry"],"acf":[],"_links":{"self":[{"href":"https:\/\/mataelevator.com\/index.php\/wp-json\/wp\/v2\/pages\/1850","targetHints":{"allow":["GET"]}}],"collection":[{"href":"https:\/\/mataelevator.com\/index.php\/wp-json\/wp\/v2\/pages"}],"about":[{"href":"https:\/\/mataelevator.com\/index.php\/wp-json\/wp\/v2\/types\/page"}],"author":[{"embeddable":true,"href":"https:\/\/mataelevator.com\/index.php\/wp-json\/wp\/v2\/users\/1"}],"replies":[{"embeddable":true,"href":"https:\/\/mataelevator.com\/index.php\/wp-json\/wp\/v2\/comments?post=1850"}],"version-history":[{"count":3,"href":"https:\/\/mataelevator.com\/index.php\/wp-json\/wp\/v2\/pages\/1850\/revisions"}],"predecessor-version":[{"id":1965,"href":"https:\/\/mataelevator.com\/index.php\/wp-json\/wp\/v2\/pages\/1850\/revisions\/1965"}],"wp:attachment":[{"href":"https:\/\/mataelevator.com\/index.php\/wp-json\/wp\/v2\/media?parent=1850"}],"curies":[{"name":"wp","href":"https:\/\/api.w.org\/{rel}","templated":true}]}}