	{"id":1859,"date":"2024-09-24T11:03:35","date_gmt":"2024-09-24T08:03:35","guid":{"rendered":"http:\/\/mataelevator.com\/?page_id=1859"},"modified":"2024-09-24T15:16:07","modified_gmt":"2024-09-24T12:16:07","slug":"monsarj-asansor","status":"publish","type":"page","link":"https:\/\/mataelevator.com\/index.php\/monsarj-asansor\/","title":{"rendered":"Mon\u015farj Asans\u00f6r"},"content":{"rendered":"<section class=\"wpb-content-wrapper\"><p>[vc_row][vc_column width=&#8221;1\/2&#8243;][vc_column_text]<\/p>\n<p style=\"text-align: justify;\">Yemek asans\u00f6rleri hayat\u0131m\u0131z\u0131 olduk\u00e7a kolayla\u015ft\u0131ran en k\u00fc\u00e7\u00fck y\u00fck ta\u015f\u0131yan asans\u00f6r tipidir. \u0130nsanlar\u0131n i\u00e7ine giremeyece\u011fi \u00f6l\u00e7\u00fclerde \u00fcretilen mon\u015farj asans\u00f6rleri genellikle 50-250 kg ta\u015f\u0131ma kapasiteli olmas\u0131 yan\u0131nda yer i\u015fgal etmemesi ve en verimli \u015fekilde kullan\u0131m\u0131 sa\u011flamas\u0131 a\u00e7\u0131s\u0131ndan giyotin kap\u0131lar kullan\u0131lmaktad\u0131r.<\/p>\n<p style=\"text-align: justify;\">Yemek asans\u00f6rleri, servis asans\u00f6r\u00fc veya monsarj asans\u00f6r\u00fc olarak da tan\u0131mlanmaktad\u0131r.<\/p>\n<p style=\"text-align: justify;\">Yemek asans\u00f6rlerinin genel kullan\u0131m alanlar\u0131 restoranlar, kafeler, oteller, ofisler, m\u00fcstakil evler ve villalard\u0131r. Mutfaktan yemek yenecek alanlara yemeklerin servis edilmesi i\u00e7in kullan\u0131l\u0131r. Ayn\u0131 zamanda yemek servisinde kullan\u0131lan di\u011fer tabak ve bardaklar\u0131n ta\u015f\u0131nmas\u0131 i\u00e7in de kullan\u0131l\u0131r. Baz\u0131 hastanelerde yemek ta\u015f\u0131ma sistemi olarak baz\u0131 ma\u011fazalarda k\u0131yafetlerin katlara ta\u015f\u0131nmas\u0131 i\u00e7in de kullan\u0131lmaktad\u0131r.<\/p>\n<p style=\"text-align: justify;\">Servis asans\u00f6rlerinde hijyen \u00e7ok \u00f6nemli oldu\u011fundan kabinin Antibakteriyel bir yap\u0131ya sahip olmas\u0131 gerekmektedir.<\/p>\n<p>[\/vc_column_text][\/vc_column][vc_column width=&#8221;1\/2&#8243;][vc_single_image image=&#8221;1967&#8243; img_size=&#8221;full&#8221; style=&#8221;vc_box_shadow_3d&#8221;][\/vc_column][\/vc_row]<\/p>\n<\/section>","protected":false},"excerpt":{"rendered":"<p>[vc_row][vc_column width=&#8221;1\/2&#8243;][vc_column_text] Yemek asans\u00f6rleri hayat\u0131m\u0131z\u0131 olduk\u00e7a kolayla\u015ft\u0131ran en k\u00fc\u00e7\u00fck y\u00fck ta\u015f\u0131yan asans\u00f6r tipidir. \u0130nsanlar\u0131n i\u00e7ine giremeyece\u011fi \u00f6l\u00e7\u00fclerde \u00fcretilen mon\u015farj asans\u00f6rleri genellikle 50-250 kg ta\u015f\u0131ma kapasiteli olmas\u0131 yan\u0131nda yer i\u015fgal etmemesi ve en verimli \u015fekilde kullan\u0131m\u0131 sa\u011flamas\u0131 a\u00e7\u0131s\u0131ndan giyotin kap\u0131lar kullan\u0131lmaktad\u0131r. Yemek asans\u00f6rleri, servis asans\u00f6r\u00fc veya monsarj asans\u00f6r\u00fc olarak da tan\u0131mlanmaktad\u0131r. Yemek asans\u00f6rlerinin genel kullan\u0131m alanlar\u0131 [&hellip;]<\/p>\n","protected":false},"author":1,"featured_media":0,"parent":0,"menu_order":0,"comment_status":"closed","ping_status":"closed","template":"","meta":{"_acf_changed":false,"footnotes":""},"class_list":["post-1859","page","type-page","status-publish","hentry"],"acf":[],"_links":{"self":[{"href":"https:\/\/mataelevator.com\/index.php\/wp-json\/wp\/v2\/pages\/1859","targetHints":{"allow":["GET"]}}],"collection":[{"href":"https:\/\/mataelevator.com\/index.php\/wp-json\/wp\/v2\/pages"}],"about":[{"href":"https:\/\/mataelevator.com\/index.php\/wp-json\/wp\/v2\/types\/page"}],"author":[{"embeddable":true,"href":"https:\/\/mataelevator.com\/index.php\/wp-json\/wp\/v2\/users\/1"}],"replies":[{"embeddable":true,"href":"https:\/\/mataelevator.com\/index.php\/wp-json\/wp\/v2\/comments?post=1859"}],"version-history":[{"count":3,"href":"https:\/\/mataelevator.com\/index.php\/wp-json\/wp\/v2\/pages\/1859\/revisions"}],"predecessor-version":[{"id":1966,"href":"https:\/\/mataelevator.com\/index.php\/wp-json\/wp\/v2\/pages\/1859\/revisions\/1966"}],"wp:attachment":[{"href":"https:\/\/mataelevator.com\/index.php\/wp-json\/wp\/v2\/media?parent=1859"}],"curies":[{"name":"wp","href":"https:\/\/api.w.org\/{rel}","templated":true}]}}