	{"id":1864,"date":"2024-09-24T11:10:33","date_gmt":"2024-09-24T08:10:33","guid":{"rendered":"http:\/\/mataelevator.com\/?page_id=1864"},"modified":"2024-09-24T16:05:12","modified_gmt":"2024-09-24T13:05:12","slug":"asansor-kapilari","status":"publish","type":"page","link":"https:\/\/mataelevator.com\/index.php\/asansor-kapilari\/","title":{"rendered":"Asans\u00f6r Kap\u0131lar\u0131"},"content":{"rendered":"<section class=\"wpb-content-wrapper\"><p>[vc_row][vc_column][vc_column_text]<\/p>\n<p style=\"text-align: justify;\">Asans\u00f6r kap\u0131lar\u0131n\u0131 olu\u015fturan panel, kasa ve mekanizma gruplar\u0131n\u0131n zaman i\u00e7erisinde deformasyona u\u011framayacak kalitede \u00fcretim yaparak Uluslararas\u0131 Standartlar\u0131n sa\u011fl\u0131k ve g\u00fcvenlik gerekliliklerini yerine getirmektedir.<\/p>\n<p style=\"text-align: justify;\">Tasar\u0131msal ve teknik olarak asans\u00f6r kap\u0131lar\u0131 birbirinden farkl\u0131la\u015fabilmektedir. Asans\u00f6r kap\u0131lar\u0131 m\u00fc\u015fterilerimizin istek ve ihtiya\u00e7lar\u0131 do\u011frultusunda kullan\u0131m alanlar\u0131na g\u00f6re tam otomatik ve yar\u0131 otomatik olarak tasarlanmaktad\u0131r.<\/p>\n<p style=\"text-align: justify;\">Montaj konumlar\u0131na, asans\u00f6r kuyu \u00f6l\u00e7\u00fclerine g\u00f6re \u00e7e\u015fitli ebatlarda kat ve kabin kap\u0131lar\u0131 \u00fcretilmektedir. Cam, satine paslanmaz, elektrostatik boyal\u0131 ve \u00f6zel kaplamalar ile dizayn edilebilen asans\u00f6r kap\u0131 \u00fcretiminin her safhas\u0131nda insan g\u00fcc\u00fcn\u00fcn yan\u0131nda robotik teknolojiler kullan\u0131lmaktad\u0131r.<\/p>\n<p style=\"text-align: justify;\">Merkezi ya da teleskopik otomatik kap\u0131lar kullan\u0131lmaktad\u0131r. 2 Panel, 3 Panel, 4 Panel olarak da m\u00fc\u015fteri iste\u011fine g\u00f6re \u00fcretilmektedir. Ayr\u0131ca manuel ve kramer kap\u0131 da iste\u011fe g\u00f6re tedarik edilmektedir.<\/p>\n<p>[\/vc_column_text][vc_empty_space][\/vc_column][\/vc_row][vc_row][vc_column][vc_gallery type=&#8221;image_grid&#8221; images=&#8221;2029,2030,2031,2032,2034,2035,2036,2037,2038,2039,2040,2041,2042,2043,2044,2045,2047,2048,2049,2050&#8243; img_size=&#8221;full&#8221;][\/vc_column][\/vc_row]<\/p>\n<\/section>","protected":false},"excerpt":{"rendered":"<p>[vc_row][vc_column][vc_column_text] Asans\u00f6r kap\u0131lar\u0131n\u0131 olu\u015fturan panel, kasa ve mekanizma gruplar\u0131n\u0131n zaman i\u00e7erisinde deformasyona u\u011framayacak kalitede \u00fcretim yaparak Uluslararas\u0131 Standartlar\u0131n sa\u011fl\u0131k ve g\u00fcvenlik gerekliliklerini yerine getirmektedir. Tasar\u0131msal ve teknik olarak asans\u00f6r kap\u0131lar\u0131 birbirinden farkl\u0131la\u015fabilmektedir. Asans\u00f6r kap\u0131lar\u0131 m\u00fc\u015fterilerimizin istek ve ihtiya\u00e7lar\u0131 do\u011frultusunda kullan\u0131m alanlar\u0131na g\u00f6re tam otomatik ve yar\u0131 otomatik olarak tasarlanmaktad\u0131r. Montaj konumlar\u0131na, asans\u00f6r kuyu \u00f6l\u00e7\u00fclerine g\u00f6re [&hellip;]<\/p>\n","protected":false},"author":1,"featured_media":0,"parent":0,"menu_order":0,"comment_status":"closed","ping_status":"closed","template":"","meta":{"_acf_changed":false,"footnotes":""},"class_list":["post-1864","page","type-page","status-publish","hentry"],"acf":[],"_links":{"self":[{"href":"https:\/\/mataelevator.com\/index.php\/wp-json\/wp\/v2\/pages\/1864","targetHints":{"allow":["GET"]}}],"collection":[{"href":"https:\/\/mataelevator.com\/index.php\/wp-json\/wp\/v2\/pages"}],"about":[{"href":"https:\/\/mataelevator.com\/index.php\/wp-json\/wp\/v2\/types\/page"}],"author":[{"embeddable":true,"href":"https:\/\/mataelevator.com\/index.php\/wp-json\/wp\/v2\/users\/1"}],"replies":[{"embeddable":true,"href":"https:\/\/mataelevator.com\/index.php\/wp-json\/wp\/v2\/comments?post=1864"}],"version-history":[{"count":3,"href":"https:\/\/mataelevator.com\/index.php\/wp-json\/wp\/v2\/pages\/1864\/revisions"}],"predecessor-version":[{"id":2046,"href":"https:\/\/mataelevator.com\/index.php\/wp-json\/wp\/v2\/pages\/1864\/revisions\/2046"}],"wp:attachment":[{"href":"https:\/\/mataelevator.com\/index.php\/wp-json\/wp\/v2\/media?parent=1864"}],"curies":[{"name":"wp","href":"https:\/\/api.w.org\/{rel}","templated":true}]}}