	{"id":1866,"date":"2024-09-24T11:10:46","date_gmt":"2024-09-24T08:10:46","guid":{"rendered":"http:\/\/mataelevator.com\/?page_id=1866"},"modified":"2024-09-24T16:07:50","modified_gmt":"2024-09-24T13:07:50","slug":"asansor-butonlari","status":"publish","type":"page","link":"https:\/\/mataelevator.com\/index.php\/asansor-butonlari\/","title":{"rendered":"Asans\u00f6r Butonlar\u0131"},"content":{"rendered":"<section class=\"wpb-content-wrapper\"><p>[vc_row][vc_column][vc_column_text]<\/p>\n<p style=\"text-align: justify;\">Asans\u00f6r kabini ve katlara entegre edilen asans\u00f6r butonlar\u0131 sayesinde asans\u00f6re binen ki\u015filer h\u0131zl\u0131 ve kolay bir \u015fekilde istedikleri kata yolculuk yapabilmektedirler. Butonlar\u0131n insanlar taraf\u0131ndan kullan\u0131lmas\u0131 can g\u00fcvenli\u011fini a\u00e7\u0131s\u0131ndan en \u00f6nemli ekipmanlar aras\u0131nda yer almas\u0131n\u0131 sa\u011flamaktad\u0131r. Bu y\u00fczden y\u00f6netmeli\u011fe uygun g\u00fcvenlik \u00f6nlemlerine g\u00f6re \u00fcretimin ger\u00e7ekle\u015fmesi \u00e7ok b\u00fcy\u00fck \u00f6nem ta\u015f\u0131maktad\u0131r.<\/p>\n<p style=\"text-align: justify;\">Asans\u00f6r butonlar\u0131n\u0131n g\u00fcvenli ve kaliteli \u00fcretimi kadar g\u00fcn\u00fcm\u00fcz teknolojisinde konforu ve tasar\u0131m\u0131 da \u00e7ok \u00f6nemlidir. \u0130nsanlar taraf\u0131ndan aktif kullanaca\u011f\u0131ndan butonlar\u0131n kullan\u0131\u015fl\u0131 ve eri\u015filebilir olmas\u0131 gerekmektedir.<\/p>\n<p>[\/vc_column_text][vc_empty_space][\/vc_column][\/vc_row][vc_row][vc_column][vc_gallery type=&#8221;image_grid&#8221; images=&#8221;2052,2053,2054,2055,2056,2057,2058,2059,2060,2061,2062,2063,2065,2066,2067,2069,2070,2071,2072,2073,2074,2075,2076,2077&#8243; img_size=&#8221;full&#8221;][\/vc_column][\/vc_row]<\/p>\n<\/section>","protected":false},"excerpt":{"rendered":"<p>[vc_row][vc_column][vc_column_text] Asans\u00f6r kabini ve katlara entegre edilen asans\u00f6r butonlar\u0131 sayesinde asans\u00f6re binen ki\u015filer h\u0131zl\u0131 ve kolay bir \u015fekilde istedikleri kata yolculuk yapabilmektedirler. Butonlar\u0131n insanlar taraf\u0131ndan kullan\u0131lmas\u0131 can g\u00fcvenli\u011fini a\u00e7\u0131s\u0131ndan en \u00f6nemli ekipmanlar aras\u0131nda yer almas\u0131n\u0131 sa\u011flamaktad\u0131r. Bu y\u00fczden y\u00f6netmeli\u011fe uygun g\u00fcvenlik \u00f6nlemlerine g\u00f6re \u00fcretimin ger\u00e7ekle\u015fmesi \u00e7ok b\u00fcy\u00fck \u00f6nem ta\u015f\u0131maktad\u0131r. Asans\u00f6r butonlar\u0131n\u0131n g\u00fcvenli ve kaliteli \u00fcretimi [&hellip;]<\/p>\n","protected":false},"author":1,"featured_media":0,"parent":0,"menu_order":0,"comment_status":"closed","ping_status":"closed","template":"","meta":{"_acf_changed":false,"footnotes":""},"class_list":["post-1866","page","type-page","status-publish","hentry"],"acf":[],"_links":{"self":[{"href":"https:\/\/mataelevator.com\/index.php\/wp-json\/wp\/v2\/pages\/1866","targetHints":{"allow":["GET"]}}],"collection":[{"href":"https:\/\/mataelevator.com\/index.php\/wp-json\/wp\/v2\/pages"}],"about":[{"href":"https:\/\/mataelevator.com\/index.php\/wp-json\/wp\/v2\/types\/page"}],"author":[{"embeddable":true,"href":"https:\/\/mataelevator.com\/index.php\/wp-json\/wp\/v2\/users\/1"}],"replies":[{"embeddable":true,"href":"https:\/\/mataelevator.com\/index.php\/wp-json\/wp\/v2\/comments?post=1866"}],"version-history":[{"count":3,"href":"https:\/\/mataelevator.com\/index.php\/wp-json\/wp\/v2\/pages\/1866\/revisions"}],"predecessor-version":[{"id":2078,"href":"https:\/\/mataelevator.com\/index.php\/wp-json\/wp\/v2\/pages\/1866\/revisions\/2078"}],"wp:attachment":[{"href":"https:\/\/mataelevator.com\/index.php\/wp-json\/wp\/v2\/media?parent=1866"}],"curies":[{"name":"wp","href":"https:\/\/api.w.org\/{rel}","templated":true}]}}